{"id":9111,"date":"2025-08-19T12:55:42","date_gmt":"2025-08-19T16:55:42","guid":{"rendered":"https:\/\/anasac.com\/?page_id=9111"},"modified":"2025-08-19T15:45:14","modified_gmt":"2025-08-19T19:45:14","slug":"inicio","status":"publish","type":"page","link":"https:\/\/anasac.com\/pt\/incubadora-socio-productiva\/","title":{"rendered":"Incubadora S\u00f3cio-Produtiva"},"content":{"rendered":"<div data-elementor-type=\"wp-page\" data-elementor-id=\"9111\" class=\"elementor elementor-9111\" data-elementor-post-type=\"page\">\n\t\t\t\t\t\t<section class=\"elementor-section elementor-top-section elementor-element elementor-element-f9f8950 elementor-section-boxed elementor-section-height-default elementor-section-height-default\" data-id=\"f9f8950\" data-element_type=\"section\" data-e-type=\"section\" data-settings=\"{&quot;background_background&quot;:&quot;gradient&quot;}\">\n\t\t\t\t\t\t\t<div class=\"elementor-background-overlay\"><\/div>\n\t\t\t\t\t\t\t<div class=\"elementor-container elementor-column-gap-default\">\n\t\t\t\t\t<div class=\"elementor-column elementor-col-100 elementor-top-column elementor-element elementor-element-7ffda5b\" data-id=\"7ffda5b\" data-element_type=\"column\" data-e-type=\"column\">\n\t\t\t<div class=\"elementor-widget-wrap elementor-element-populated\">\n\t\t\t\t\t\t<div class=\"elementor-element elementor-element-8eb38c1 elementor-widget-divider--view-line_text elementor-widget-divider--element-align-left elementor-widget elementor-widget-divider\" data-id=\"8eb38c1\" data-element_type=\"widget\" data-e-type=\"widget\" data-widget_type=\"divider.default\">\n\t\t\t\t<div class=\"elementor-widget-container\">\n\t\t\t\t\t\t\t<div class=\"elementor-divider\">\n\t\t\t<span class=\"elementor-divider-separator\">\n\t\t\t\t\t\t\t<h2 class=\"elementor-divider__text elementor-divider__element\">\n\t\t\t\tIncubadora socioprodutiva\t\t\t\t<\/h2>\n\t\t\t\t\t\t<\/span>\n\t\t<\/div>\n\t\t\t\t\t\t<\/div>\n\t\t\t\t<\/div>\n\t\t\t\t<div class=\"elementor-element elementor-element-47db596 elementor-widget elementor-widget-text-editor\" data-id=\"47db596\" data-element_type=\"widget\" data-e-type=\"widget\" data-widget_type=\"text-editor.default\">\n\t\t\t\t<div class=\"elementor-widget-container\">\n\t\t\t\t\t\t\t\t\t<p data-start=\"429\" data-end=\"838\">Na Anasac, acreditamos que o desenvolvimento do mundo rural n\u00e3o \u00e9 alcan\u00e7ado apenas com insumos e tecnologia, mas tamb\u00e9m com <strong data-start=\"547\" data-end=\"618\">oportunidades reais de treinamento, associatividade e comercializa\u00e7\u00e3o<\/strong>. \u00c9 por isso que desenvolvemos o <strong data-start=\"650\" data-end=\"681\">Incubadora S\u00f3cio-Produtiva<\/strong>, um modelo abrangente de apoio a pequenos produtores agr\u00edcolas que transforma empresas informais em <strong data-start=\"793\" data-end=\"837\">microempresas competitivas e sustent\u00e1veis<\/strong>.<\/p><p data-start=\"840\" data-end=\"1064\">Esse programa \u00e9 uma das iniciativas mais transformadoras de nossa Estrat\u00e9gia de Sustentabilidade e demonstrou um impacto direto na <strong data-start=\"982\" data-end=\"1063\">melhorar a renda, a autonomia econ\u00f4mica e a qualidade de vida das fam\u00edlias rurais<\/strong>.<\/p>\t\t\t\t\t\t\t\t<\/div>\n\t\t\t\t<\/div>\n\t\t\t\t\t<\/div>\n\t\t<\/div>\n\t\t\t\t\t<\/div>\n\t\t<\/section>\n\t\t\t\t<section class=\"elementor-section elementor-top-section elementor-element elementor-element-21a2cef elementor-section-boxed elementor-section-height-default elementor-section-height-default\" data-id=\"21a2cef\" data-element_type=\"section\" data-e-type=\"section\" data-settings=\"{&quot;background_background&quot;:&quot;classic&quot;}\">\n\t\t\t\t\t\t<div class=\"elementor-container elementor-column-gap-default\">\n\t\t\t\t\t<div class=\"elementor-column elementor-col-100 elementor-top-column elementor-element elementor-element-16dcc6b\" data-id=\"16dcc6b\" data-element_type=\"column\" data-e-type=\"column\">\n\t\t\t<div class=\"elementor-widget-wrap elementor-element-populated\">\n\t\t\t\t\t\t<div class=\"elementor-element elementor-element-79e94ca elementor-widget elementor-widget-text-editor\" data-id=\"79e94ca\" data-element_type=\"widget\" data-e-type=\"widget\" data-widget_type=\"text-editor.default\">\n\t\t\t\t<div class=\"elementor-widget-container\">\n\t\t\t\t\t\t\t\t\t<h2 data-start=\"1066\" data-end=\"1100\">O que \u00e9 a Incubadora?<\/h2><p data-start=\"1102\" data-end=\"1218\">A Incubadora Socioprodutiva funciona em etapas sucessivas, com apoio t\u00e9cnico e humano durante todo o processo:<\/p><ol><li data-start=\"1223\" data-end=\"1369\"><strong data-start=\"1223\" data-end=\"1249\">Forma\u00e7\u00e3o de grupos<\/strong> de pequenos produtores com experi\u00eancia ou interesse em uma \u00e1rea espec\u00edfica (hortali\u00e7as, frutas, ovinos, entre outros).<\/li><li data-start=\"1373\" data-end=\"1487\"><strong data-start=\"1373\" data-end=\"1407\">Consultoria t\u00e9cnica especializada<\/strong> para fortalecer o conhecimento sobre produ\u00e7\u00e3o, sa\u00fade e gest\u00e3o agron\u00f4mica.<\/li><li data-start=\"1491\" data-end=\"1629\"><strong data-start=\"1491\" data-end=\"1531\">Treinamento comercial e de comunica\u00e7\u00e3o<\/strong>, O objetivo do curso \u00e9 aprimorar as habilidades em marketing, vendas, negocia\u00e7\u00e3o e apresenta\u00e7\u00e3o de projetos.<\/li><li data-start=\"1633\" data-end=\"1797\"><strong data-start=\"1633\" data-end=\"1663\">Parceria estruturada<\/strong>, A cria\u00e7\u00e3o de cooperativas ou organiza\u00e7\u00f5es produtivas que lhes permitam acessar economias de escala e financiamento.<\/li><li data-start=\"1798\" data-end=\"1933\"><p data-start=\"1801\" data-end=\"1933\"><strong data-start=\"1801\" data-end=\"1854\">Inser\u00e7\u00e3o em canais formais de marketing<\/strong>, com o apoio e suporte da Anasac Chile e de suas redes de distribui\u00e7\u00e3o.<\/p><\/li><\/ol><p data-start=\"1935\" data-end=\"2078\">Esse processo gera um <strong data-start=\"1959\" data-end=\"2044\">transforma\u00e7\u00e3o profunda em habilidades, autoestima e sustentabilidade econ\u00f4mica<\/strong> dos produtores participantes.<\/p><h2 data-start=\"2080\" data-end=\"2109\">Resultados transformacionais<\/h2><p data-start=\"2111\" data-end=\"2361\">A Incubadora Socioprodutiva foi implementada com <strong data-start=\"2167\" data-end=\"2210\">grande sucesso na regi\u00e3o da Araucan\u00eda<\/strong>, Ele contribuiu para melhorar significativamente a renda, as condi\u00e7\u00f5es de vida e as oportunidades de desenvolvimento de muitas fam\u00edlias rurais.<\/p><p data-start=\"2363\" data-end=\"2576\">Gra\u00e7as a essa experi\u00eancia, hoje <strong data-start=\"2395\" data-end=\"2443\">buscamos expandir o modelo para novas regi\u00f5es<\/strong>, estabelecendo parcerias com agentes locais, \u00f3rg\u00e3os p\u00fablicos e organiza\u00e7\u00f5es da sociedade civil que compartilham nossa vis\u00e3o.<\/p><h2 data-start=\"2578\" data-end=\"2613\">Um modelo replic\u00e1vel e dimension\u00e1vel<\/h2><p data-start=\"2615\" data-end=\"3017\">O que torna esse programa \u00fanico \u00e9 sua <strong data-start=\"2655\" data-end=\"2688\">abordagem abrangente e replic\u00e1vel<\/strong>. N\u00e3o se trata apenas de fornecer ferramentas t\u00e9cnicas, mas tamb\u00e9m de acompanhar os produtores em seu crescimento como indiv\u00edduos, como l\u00edderes comunit\u00e1rios e como empreendedores. Na Anasac, temos o compromisso de <strong data-start=\"2899\" data-end=\"2942\">multiplicar esse modelo em todo o pa\u00eds<\/strong>, adaptando-o \u00e0s realidades produtivas e culturais de cada territ\u00f3rio.<\/p>\t\t\t\t\t\t\t\t<\/div>\n\t\t\t\t<\/div>\n\t\t\t\t\t<\/div>\n\t\t<\/div>\n\t\t\t\t\t<\/div>\n\t\t<\/section>\n\t\t<div class=\"elementor-element elementor-element-4d3fb87 e-flex e-con-boxed e-con e-parent\" data-id=\"4d3fb87\" data-element_type=\"container\" data-e-type=\"container\">\n\t\t\t\t\t<div class=\"e-con-inner\">\n\t\t\t\t<div class=\"elementor-element elementor-element-23b641d elementor-widget elementor-widget-heading\" data-id=\"23b641d\" data-element_type=\"widget\" data-e-type=\"widget\" data-widget_type=\"heading.default\">\n\t\t\t\t<div class=\"elementor-widget-container\">\n\t\t\t\t\t<h2 class=\"elementor-heading-title elementor-size-default\">Hist\u00f3rias de sucesso<\/h2>\t\t\t\t<\/div>\n\t\t\t\t<\/div>\n\t\t\t\t\t<\/div>\n\t\t\t\t<\/div>\n\t\t<div class=\"elementor-element elementor-element-88c453e e-flex e-con-boxed e-con e-parent\" data-id=\"88c453e\" data-element_type=\"container\" data-e-type=\"container\">\n\t\t\t\t\t<div class=\"e-con-inner\">\n\t\t\t\t<div class=\"elementor-element elementor-element-7faa543 elementor-widget elementor-widget-image\" data-id=\"7faa543\" data-element_type=\"widget\" data-e-type=\"widget\" data-widget_type=\"image.default\">\n\t\t\t\t<div class=\"elementor-widget-container\">\n\t\t\t\t\t\t\t\t\t\t\t\t\t\t\t<img loading=\"lazy\" decoding=\"async\" width=\"800\" height=\"258\" src=\"https:\/\/anasac.com\/wp-content\/uploads\/2025\/08\/Logos-Antumalen-03-2560x824.png\" class=\"attachment-large size-large wp-image-11240\" alt=\"\" srcset=\"https:\/\/anasac.com\/wp-content\/uploads\/2025\/08\/Logos-Antumalen-03-2560x824.png 2560w, https:\/\/anasac.com\/wp-content\/uploads\/2025\/08\/Logos-Antumalen-03-1500x483.png 1500w, https:\/\/anasac.com\/wp-content\/uploads\/2025\/08\/Logos-Antumalen-03-768x247.png 768w, https:\/\/anasac.com\/wp-content\/uploads\/2025\/08\/Logos-Antumalen-03-1536x494.png 1536w, https:\/\/anasac.com\/wp-content\/uploads\/2025\/08\/Logos-Antumalen-03-2048x659.png 2048w, https:\/\/anasac.com\/wp-content\/uploads\/2025\/08\/Logos-Antumalen-03-18x6.png 18w\" sizes=\"auto, (max-width: 800px) 100vw, 800px\" title=\"\">\t\t\t\t\t\t\t\t\t\t\t\t\t\t\t<\/div>\n\t\t\t\t<\/div>\n\t\t\t\t\t<\/div>\n\t\t\t\t<\/div>\n\t\t<div class=\"elementor-element elementor-element-68c819c e-flex e-con-boxed e-con e-parent\" data-id=\"68c819c\" data-element_type=\"container\" data-e-type=\"container\">\n\t\t\t\t\t<div class=\"e-con-inner\">\n\t\t\t\t<div class=\"elementor-element elementor-element-1dd50c0 elementor-widget elementor-widget-spacer\" data-id=\"1dd50c0\" data-element_type=\"widget\" data-e-type=\"widget\" data-widget_type=\"spacer.default\">\n\t\t\t\t<div class=\"elementor-widget-container\">\n\t\t\t\t\t\t\t<div class=\"elementor-spacer\">\n\t\t\t<div class=\"elementor-spacer-inner\"><\/div>\n\t\t<\/div>\n\t\t\t\t\t\t<\/div>\n\t\t\t\t<\/div>\n\t\t\t\t\t<\/div>\n\t\t\t\t<\/div>\n\t\t<div class=\"elementor-element elementor-element-14755d6 e-flex e-con-boxed e-con e-parent\" data-id=\"14755d6\" data-element_type=\"container\" data-e-type=\"container\">\n\t\t\t\t\t<div class=\"e-con-inner\">\n\t\t\t\t<div class=\"elementor-element elementor-element-a21ccd9 elementor-widget__width-initial elementor-widget elementor-widget-video\" data-id=\"a21ccd9\" data-element_type=\"widget\" data-e-type=\"widget\" data-settings=\"{&quot;video_type&quot;:&quot;hosted&quot;,&quot;controls&quot;:&quot;yes&quot;}\" data-widget_type=\"video.default\">\n\t\t\t\t<div class=\"elementor-widget-container\">\n\t\t\t\t\t\t\t<div class=\"e-hosted-video elementor-wrapper elementor-open-inline\">\n\t\t\t\t\t<video class=\"elementor-video\" src=\"https:\/\/anasac.com\/wp-content\/uploads\/2025\/08\/AQMQgJMQeYiy599VQQb87g1fDrk-aow5vW8wVInKbkVHltlaJGYaipjmaUC5JmHQz6KQMvNPo7xKueqxP8kR5nfp.mp4\" controls=\"\" preload=\"metadata\" controlslist=\"nodownload\"><\/video>\n\t\t\t\t<\/div>\n\t\t\t\t\t\t<\/div>\n\t\t\t\t<\/div>\n\t\t\t\t\t<\/div>\n\t\t\t\t<\/div>\n\t\t<div class=\"elementor-element elementor-element-30219b4 e-flex e-con-boxed e-con e-parent\" data-id=\"30219b4\" data-element_type=\"container\" data-e-type=\"container\">\n\t\t\t\t\t<div class=\"e-con-inner\">\n\t\t\t\t<div class=\"elementor-element elementor-element-019ee57 elementor-widget elementor-widget-text-editor\" data-id=\"019ee57\" data-element_type=\"widget\" data-e-type=\"widget\" data-widget_type=\"text-editor.default\">\n\t\t\t\t<div class=\"elementor-widget-container\">\n\t\t\t\t\t\t\t\t\t<p>Cooperativa de Flores de Antu Mal\u00e9n<br \/>\ud835\ude40\ud835\ude63\ud835\ude67\ud835\ude56\ud835\ude5e\ud835\ude6f\ud835\ude56\ud835\ude59\ud835\ude56\ud835\ude68 \ud835\ude5a\ud835\ude63 \ud835\ude61\ud835\ude56 \ud835\ude57\ud835\ude5a\ud835\ude61\ud835\ude61\ud835\ude5a\ud835\ude6f\ud835\ude56 \ud835\ude59\ud835\ude5a \ud835\ude61\ud835\ude56 \ud835\ude3c\ud835\ude67\ud835\ude56\ud835\ude6a\ud835\ude58\ud835\ude56\ud835\ude63\u00ed\ud835\ude56.<\/p><div tabindex=\"0\" role=\"button\" aria-disabled=\"false\">https:\/\/www.instagram.com\/floresantumalen\/<\/div><div tabindex=\"0\" role=\"button\" aria-disabled=\"false\">https:\/\/www.facebook.com\/flores.antumalen<\/div><div tabindex=\"0\" role=\"button\" aria-disabled=\"false\">\u00a0<\/div>\t\t\t\t\t\t\t\t<\/div>\n\t\t\t\t<\/div>\n\t\t\t\t\t<\/div>\n\t\t\t\t<\/div>\n\t\t\t\t<\/div>","protected":false},"excerpt":{"rendered":"<p>Incubadora Socio productiva En Anasac creemos que el desarrollo del mundo rural no se logra solo con insumos y tecnolog\u00eda, sino tambi\u00e9n con oportunidades reales de formaci\u00f3n, asociatividad y comercializaci\u00f3n. Por eso hemos desarrollado la Incubadora Socio Productiva, un modelo integral de apoyo a peque\u00f1os productores agropecuarios que transforma emprendimientos informales en microempresas competitivas y [&hellip;]<\/p>\n","protected":false},"author":1,"featured_media":0,"parent":0,"menu_order":0,"comment_status":"closed","ping_status":"closed","template":"","meta":{"footnotes":""},"class_list":["post-9111","page","type-page","status-publish","hentry"],"_links":{"self":[{"href":"https:\/\/anasac.com\/pt\/wp-json\/wp\/v2\/pages\/9111","targetHints":{"allow":["GET"]}}],"collection":[{"href":"https:\/\/anasac.com\/pt\/wp-json\/wp\/v2\/pages"}],"about":[{"href":"https:\/\/anasac.com\/pt\/wp-json\/wp\/v2\/types\/page"}],"author":[{"embeddable":true,"href":"https:\/\/anasac.com\/pt\/wp-json\/wp\/v2\/users\/1"}],"replies":[{"embeddable":true,"href":"https:\/\/anasac.com\/pt\/wp-json\/wp\/v2\/comments?post=9111"}],"version-history":[{"count":13,"href":"https:\/\/anasac.com\/pt\/wp-json\/wp\/v2\/pages\/9111\/revisions"}],"predecessor-version":[{"id":11295,"href":"https:\/\/anasac.com\/pt\/wp-json\/wp\/v2\/pages\/9111\/revisions\/11295"}],"wp:attachment":[{"href":"https:\/\/anasac.com\/pt\/wp-json\/wp\/v2\/media?parent=9111"}],"curies":[{"name":"wp","href":"https:\/\/api.w.org\/{rel}","templated":true}]}}