{"id":9101,"date":"2025-05-30T11:51:56","date_gmt":"2025-05-30T15:51:56","guid":{"rendered":"https:\/\/anasac.com\/?page_id=9101"},"modified":"2025-11-12T22:19:20","modified_gmt":"2025-11-13T01:19:20","slug":"gestao-de-embalagens-de-clientes","status":"publish","type":"page","link":"https:\/\/anasac.com\/pt\/estrategia-ambiental-ante-el-cambio-climatico\/","title":{"rendered":"Estrat\u00e9gia ambiental sobre mudan\u00e7a clim\u00e1tica"},"content":{"rendered":"<div data-elementor-type=\"wp-page\" data-elementor-id=\"9101\" class=\"elementor elementor-9101\" data-elementor-post-type=\"page\">\n\t\t\t\t<div class=\"elementor-element elementor-element-0087a7b e-flex e-con-boxed e-con e-parent\" data-id=\"0087a7b\" data-element_type=\"container\" data-e-type=\"container\" data-settings=\"{&quot;background_background&quot;:&quot;classic&quot;}\">\n\t\t\t\t\t<div class=\"e-con-inner\">\n\t\t<div class=\"elementor-element elementor-element-29d8c04 e-con-full e-flex e-con e-child\" data-id=\"29d8c04\" data-element_type=\"container\" data-e-type=\"container\">\n\t\t\t\t<div class=\"elementor-element elementor-element-4cbd5ec elementor-widget-divider--view-line_text elementor-widget-divider--element-align-left elementor-widget elementor-widget-divider\" data-id=\"4cbd5ec\" data-element_type=\"widget\" data-e-type=\"widget\" data-widget_type=\"divider.default\">\n\t\t\t\t<div class=\"elementor-widget-container\">\n\t\t\t\t\t\t\t<div class=\"elementor-divider\">\n\t\t\t<span class=\"elementor-divider-separator\">\n\t\t\t\t\t\t\t<h1 class=\"elementor-divider__text elementor-divider__element\">\n\t\t\t\tEstrat\u00e9gia ambiental sobre mudan\u00e7a clim\u00e1tica\t\t\t\t<\/h1>\n\t\t\t\t\t\t<\/span>\n\t\t<\/div>\n\t\t\t\t\t\t<\/div>\n\t\t\t\t<\/div>\n\t\t\t\t<div class=\"elementor-element elementor-element-24100c8 elementor-widget elementor-widget-text-editor\" data-id=\"24100c8\" data-element_type=\"widget\" data-e-type=\"widget\" data-widget_type=\"text-editor.default\">\n\t\t\t\t<div class=\"elementor-widget-container\">\n\t\t\t\t\t\t\t\t\t<p data-start=\"437\" data-end=\"778\">Na Anasac, levamos a s\u00e9rio nossa responsabilidade pelas mudan\u00e7as clim\u00e1ticas. Sabemos que nossas opera\u00e7\u00f5es t\u00eam um impacto, e \u00e9 por isso que estamos comprometidos com <strong data-start=\"609\" data-end=\"671\">transformar nossa gest\u00e3o ambiental em todos os n\u00edveis<\/strong>Desde nossas instala\u00e7\u00f5es de produ\u00e7\u00e3o at\u00e9 o portf\u00f3lio de produtos que oferecemos ao setor agr\u00edcola. Nosso objetivo \u00e9 <strong data-start=\"915\" data-end=\"1054\">reduzir nossa pegada ecol\u00f3gica, adaptar-nos ao novo contexto clim\u00e1tico e gerar impactos positivos nos ecossistemas em que operamos.<\/strong>.<\/p>\t\t\t\t\t\t\t\t<\/div>\n\t\t\t\t<\/div>\n\t\t\t\t<\/div>\n\t\t\t\t\t<\/div>\n\t\t\t\t<\/div>\n\t\t\t\t<section class=\"elementor-section elementor-top-section elementor-element elementor-element-21a2cef elementor-section-boxed elementor-section-height-default elementor-section-height-default\" data-id=\"21a2cef\" data-element_type=\"section\" data-e-type=\"section\" data-settings=\"{&quot;background_background&quot;:&quot;classic&quot;}\">\n\t\t\t\t\t\t<div class=\"elementor-container elementor-column-gap-default\">\n\t\t\t\t\t<div class=\"elementor-column elementor-col-100 elementor-top-column elementor-element elementor-element-16dcc6b\" data-id=\"16dcc6b\" data-element_type=\"column\" data-e-type=\"column\">\n\t\t\t<div class=\"elementor-widget-wrap elementor-element-populated\">\n\t\t\t\t\t\t<div class=\"elementor-element elementor-element-79e94ca elementor-widget elementor-widget-text-editor\" data-id=\"79e94ca\" data-element_type=\"widget\" data-e-type=\"widget\" data-widget_type=\"text-editor.default\">\n\t\t\t\t<div class=\"elementor-widget-container\">\n\t\t\t\t\t\t\t\t\t<h2 data-start=\"1057\" data-end=\"1093\">Gerenciamento ambiental por instala\u00e7\u00e3o<\/h2><p data-start=\"1095\" data-end=\"1302\">Desenvolvemos um <strong data-start=\"1117\" data-end=\"1201\">Programa de gerenciamento ambiental espec\u00edfico para cada uma de nossas instala\u00e7\u00f5es.<\/strong>, adaptado \u00e0s suas caracter\u00edsticas operacionais e territoriais. Esse programa estabelece metas claras em:<\/p><ul data-start=\"1304\" data-end=\"1552\"><li data-start=\"1304\" data-end=\"1358\"><p data-start=\"1306\" data-end=\"1358\"><strong data-start=\"1306\" data-end=\"1355\">Redu\u00e7\u00e3o do consumo de energia n\u00e3o renov\u00e1vel<\/strong>.<\/p><\/li><li data-start=\"1359\" data-end=\"1425\"><p data-start=\"1361\" data-end=\"1425\"><strong data-start=\"1361\" data-end=\"1422\">Redu\u00e7\u00e3o da pegada h\u00eddrica e uso eficiente da \u00e1gua<\/strong>.<\/p><\/li><li data-start=\"1426\" data-end=\"1474\"><p data-start=\"1428\" data-end=\"1474\"><strong data-start=\"1428\" data-end=\"1471\">Gerenciamento de res\u00edduos s\u00f3lidos e reciclagem<\/strong>.<\/p><\/li><li data-start=\"1475\" data-end=\"1552\"><p data-start=\"1477\" data-end=\"1552\"><strong data-start=\"1477\" data-end=\"1551\">Controle e mitiga\u00e7\u00e3o de emiss\u00f5es de gases de efeito estufa (GHG)<\/strong>.<\/p><\/li><\/ul><p data-start=\"1554\" data-end=\"1756\">O esquema piloto come\u00e7ou no <strong data-start=\"1583\" data-end=\"1613\">planta de produ\u00e7\u00e3o em Lampa<\/strong>, e est\u00e1 sendo estendido para nossa f\u00e1brica em <strong data-start=\"1655\" data-end=\"1666\">Lautaro<\/strong>, al <strong data-start=\"1671\" data-end=\"1709\">Centro de distribui\u00e7\u00e3o Requ\u00ednoa<\/strong> e para os escrit\u00f3rios corporativos da ANASAC.<\/p><p data-start=\"1758\" data-end=\"2006\">Uma equipe multidisciplinar, composta por representantes de Opera\u00e7\u00f5es, Preven\u00e7\u00e3o de Riscos, Recursos Humanos e Sustentabilidade, lidera esse processo, com reuni\u00f5es trimestrais para monitorar o progresso e tomar decis\u00f5es para a melhoria cont\u00ednua.<\/p>\t\t\t\t\t\t\t\t<\/div>\n\t\t\t\t<\/div>\n\t\t\t\t\t<\/div>\n\t\t<\/div>\n\t\t\t\t\t<\/div>\n\t\t<\/section>\n\t\t<div class=\"elementor-element elementor-element-942fca8 e-flex e-con-boxed e-con e-parent\" data-id=\"942fca8\" data-element_type=\"container\" data-e-type=\"container\">\n\t\t\t\t\t<div class=\"e-con-inner\">\n\t\t\t\t<div class=\"elementor-element elementor-element-d51160e elementor-widget elementor-widget-image\" data-id=\"d51160e\" data-element_type=\"widget\" data-e-type=\"widget\" data-widget_type=\"image.default\">\n\t\t\t\t<div class=\"elementor-widget-container\">\n\t\t\t\t\t\t\t\t\t\t\t\t\t\t\t<img loading=\"lazy\" decoding=\"async\" width=\"768\" height=\"243\" src=\"https:\/\/anasac.com\/wp-content\/uploads\/2025\/11\/Mesa-de-trabajo-3-768x243.png\" class=\"attachment-medium_large size-medium_large wp-image-11594\" alt=\"\" srcset=\"https:\/\/anasac.com\/wp-content\/uploads\/2025\/11\/Mesa-de-trabajo-3-768x243.png 768w, https:\/\/anasac.com\/wp-content\/uploads\/2025\/11\/Mesa-de-trabajo-3-18x6.png 18w, https:\/\/anasac.com\/wp-content\/uploads\/2025\/11\/Mesa-de-trabajo-3.png 1205w\" sizes=\"auto, (max-width: 768px) 100vw, 768px\" title=\"\">\t\t\t\t\t\t\t\t\t\t\t\t\t\t\t<\/div>\n\t\t\t\t<\/div>\n\t\t\t\t\t<\/div>\n\t\t\t\t<\/div>\n\t\t<div class=\"elementor-element elementor-element-9e95300 e-flex e-con-boxed e-con e-parent\" data-id=\"9e95300\" data-element_type=\"container\" data-e-type=\"container\">\n\t\t\t\t\t<div class=\"e-con-inner\">\n\t\t\t\t<div class=\"elementor-element elementor-element-70f9152 elementor-widget elementor-widget-image\" data-id=\"70f9152\" data-element_type=\"widget\" data-e-type=\"widget\" data-widget_type=\"image.default\">\n\t\t\t\t<div class=\"elementor-widget-container\">\n\t\t\t\t\t\t\t\t\t\t\t\t\t\t\t<img loading=\"lazy\" decoding=\"async\" width=\"768\" height=\"577\" src=\"https:\/\/anasac.com\/wp-content\/uploads\/2025\/11\/Lampa-768x577.jpg\" class=\"attachment-medium_large size-medium_large wp-image-11592\" alt=\"\" srcset=\"https:\/\/anasac.com\/wp-content\/uploads\/2025\/11\/Lampa-768x577.jpg 768w, https:\/\/anasac.com\/wp-content\/uploads\/2025\/11\/Lampa-1500x1127.jpg 1500w, https:\/\/anasac.com\/wp-content\/uploads\/2025\/11\/Lampa-1536x1154.jpg 1536w, https:\/\/anasac.com\/wp-content\/uploads\/2025\/11\/Lampa-2048x1539.jpg 2048w, https:\/\/anasac.com\/wp-content\/uploads\/2025\/11\/Lampa-16x12.jpg 16w\" sizes=\"auto, (max-width: 768px) 100vw, 768px\" title=\"\">\t\t\t\t\t\t\t\t\t\t\t\t\t\t\t<\/div>\n\t\t\t\t<\/div>\n\t\t\t\t\t<\/div>\n\t\t\t\t<\/div>\n\t\t\t\t<\/div>","protected":false},"excerpt":{"rendered":"<p>Estrategia Ambiental ante el Cambio Clim\u00e1tico En Anasac asumimos con seriedad nuestra responsabilidad frente al cambio clim\u00e1tico. Sabemos que nuestras operaciones tienen un impacto, y por eso estamos decididos a transformar nuestra gesti\u00f3n ambiental en todos los niveles: desde nuestras instalaciones productivas hasta el portafolio de productos que ofrecemos al agro. Nuestro objetivo es reducir [&hellip;]<\/p>\n","protected":false},"author":1,"featured_media":0,"parent":0,"menu_order":0,"comment_status":"closed","ping_status":"closed","template":"","meta":{"footnotes":""},"class_list":["post-9101","page","type-page","status-publish","hentry"],"_links":{"self":[{"href":"https:\/\/anasac.com\/pt\/wp-json\/wp\/v2\/pages\/9101","targetHints":{"allow":["GET"]}}],"collection":[{"href":"https:\/\/anasac.com\/pt\/wp-json\/wp\/v2\/pages"}],"about":[{"href":"https:\/\/anasac.com\/pt\/wp-json\/wp\/v2\/types\/page"}],"author":[{"embeddable":true,"href":"https:\/\/anasac.com\/pt\/wp-json\/wp\/v2\/users\/1"}],"replies":[{"embeddable":true,"href":"https:\/\/anasac.com\/pt\/wp-json\/wp\/v2\/comments?post=9101"}],"version-history":[{"count":18,"href":"https:\/\/anasac.com\/pt\/wp-json\/wp\/v2\/pages\/9101\/revisions"}],"predecessor-version":[{"id":11598,"href":"https:\/\/anasac.com\/pt\/wp-json\/wp\/v2\/pages\/9101\/revisions\/11598"}],"wp:attachment":[{"href":"https:\/\/anasac.com\/pt\/wp-json\/wp\/v2\/media?parent=9101"}],"curies":[{"name":"wp","href":"https:\/\/api.w.org\/{rel}","templated":true}]}}