{"id":9091,"date":"2025-06-26T17:12:18","date_gmt":"2025-06-26T21:12:18","guid":{"rendered":"https:\/\/anasac.com\/?page_id=9091"},"modified":"2025-08-19T12:47:17","modified_gmt":"2025-08-19T16:47:17","slug":"gerenciamento-de-embalagens-de-clientes","status":"publish","type":"page","link":"https:\/\/anasac.com\/pt\/gestion-de-envases-de-clientes\/","title":{"rendered":"Gerenciamento de embalagens de clientes"},"content":{"rendered":"<div data-elementor-type=\"wp-page\" data-elementor-id=\"9091\" class=\"elementor elementor-9091\" data-elementor-post-type=\"page\">\n\t\t\t\t<div class=\"elementor-element elementor-element-76d5c5c e-flex e-con-boxed e-con e-parent\" data-id=\"76d5c5c\" data-element_type=\"container\" data-e-type=\"container\" data-settings=\"{&quot;background_background&quot;:&quot;gradient&quot;}\">\n\t\t\t\t\t<div class=\"e-con-inner\">\n\t\t<div class=\"elementor-element elementor-element-5d514bf e-con-full e-flex e-con e-child\" data-id=\"5d514bf\" data-element_type=\"container\" data-e-type=\"container\">\n\t\t\t\t<div class=\"elementor-element elementor-element-e6731d9 elementor-widget-divider--view-line_text elementor-widget-divider--element-align-left elementor-widget elementor-widget-divider\" data-id=\"e6731d9\" data-element_type=\"widget\" data-e-type=\"widget\" data-widget_type=\"divider.default\">\n\t\t\t\t<div class=\"elementor-widget-container\">\n\t\t\t\t\t\t\t<div class=\"elementor-divider\">\n\t\t\t<span class=\"elementor-divider-separator\">\n\t\t\t\t\t\t\t<h1 class=\"elementor-divider__text elementor-divider__element\">\n\t\t\t\tGerenciamento de embalagens de clientes\t\t\t\t<\/h1>\n\t\t\t\t\t\t<\/span>\n\t\t<\/div>\n\t\t\t\t\t\t<\/div>\n\t\t\t\t<\/div>\n\t\t\t\t<div class=\"elementor-element elementor-element-0afb5f6 elementor-widget elementor-widget-text-editor\" data-id=\"0afb5f6\" data-element_type=\"widget\" data-e-type=\"widget\" data-widget_type=\"text-editor.default\">\n\t\t\t\t<div class=\"elementor-widget-container\">\n\t\t\t\t\t\t\t\t\t<p>Na Anasac, estamos ativamente comprometidos com a economia circular e o uso respons\u00e1vel dos recursos. Sabemos que as embalagens pl\u00e1sticas usadas na agricultura e na pecu\u00e1ria representam um grande desafio ambiental, por isso criamos solu\u00e7\u00f5es concretas e acess\u00edveis para apoiar nossos clientes em seu gerenciamento adequado.<\/p>\t\t\t\t\t\t\t\t<\/div>\n\t\t\t\t<\/div>\n\t\t\t\t<\/div>\n\t\t\t\t\t<\/div>\n\t\t\t\t<\/div>\n\t\t\t\t<section class=\"elementor-section elementor-top-section elementor-element elementor-element-827c689 elementor-section-boxed elementor-section-height-default elementor-section-height-default\" data-id=\"827c689\" data-element_type=\"section\" data-e-type=\"section\">\n\t\t\t\t\t\t<div class=\"elementor-container elementor-column-gap-default\">\n\t\t\t\t\t<div class=\"elementor-column elementor-col-100 elementor-top-column elementor-element elementor-element-28ebc1a\" data-id=\"28ebc1a\" data-element_type=\"column\" data-e-type=\"column\">\n\t\t\t<div class=\"elementor-widget-wrap elementor-element-populated\">\n\t\t\t\t\t\t<div class=\"elementor-element elementor-element-f652526 elementor-widget elementor-widget-image\" data-id=\"f652526\" data-element_type=\"widget\" data-e-type=\"widget\" data-widget_type=\"image.default\">\n\t\t\t\t<div class=\"elementor-widget-container\">\n\t\t\t\t\t\t\t\t\t\t\t\t<figure class=\"wp-caption\">\n\t\t\t\t\t\t\t\t\t\t\t<a href=\"http:\/\/www.agrorecicla.cl\" rel=\"nofollow noopener\" target=\"_blank\">\n\t\t\t\t\t\t\t<img loading=\"lazy\" decoding=\"async\" width=\"1080\" height=\"1080\" src=\"https:\/\/anasac.com\/wp-content\/uploads\/2025\/06\/post-agrorecicla.jpg\" class=\"attachment-full size-full wp-image-9218\" alt=\"\" srcset=\"https:\/\/anasac.com\/wp-content\/uploads\/2025\/06\/post-agrorecicla.jpg 1080w, https:\/\/anasac.com\/wp-content\/uploads\/2025\/06\/post-agrorecicla-150x150.jpg 150w, https:\/\/anasac.com\/wp-content\/uploads\/2025\/06\/post-agrorecicla-768x768.jpg 768w\" sizes=\"auto, (max-width: 1080px) 100vw, 1080px\" title=\"\">\t\t\t\t\t\t\t\t<\/a>\n\t\t\t\t\t\t\t\t\t\t\t<figcaption class=\"widget-image-caption wp-caption-text\">Servi\u00e7o v\u00e1lido somente no Chile.<\/figcaption>\n\t\t\t\t\t\t\t\t\t\t<\/figure>\n\t\t\t\t\t\t\t\t\t<\/div>\n\t\t\t\t<\/div>\n\t\t\t\t\t<\/div>\n\t\t<\/div>\n\t\t\t\t\t<\/div>\n\t\t<\/section>\n\t\t\t\t<section class=\"elementor-section elementor-top-section elementor-element elementor-element-a2aa629 elementor-section-boxed elementor-section-height-default elementor-section-height-default\" data-id=\"a2aa629\" data-element_type=\"section\" data-e-type=\"section\" data-settings=\"{&quot;background_background&quot;:&quot;classic&quot;}\">\n\t\t\t\t\t\t<div class=\"elementor-container elementor-column-gap-default\">\n\t\t\t\t\t<div class=\"elementor-column elementor-col-100 elementor-top-column elementor-element elementor-element-7f19f58\" data-id=\"7f19f58\" data-element_type=\"column\" data-e-type=\"column\">\n\t\t\t<div class=\"elementor-widget-wrap elementor-element-populated\">\n\t\t\t\t\t\t<div class=\"elementor-element elementor-element-9a60c5a elementor-widget elementor-widget-text-editor\" data-id=\"9a60c5a\" data-element_type=\"widget\" data-e-type=\"widget\" data-widget_type=\"text-editor.default\">\n\t\t\t\t<div class=\"elementor-widget-container\">\n\t\t\t\t\t\t\t\t\t<h2 data-start=\"654\" data-end=\"700\">Um modelo pioneiro de reciclagem<\/h2><p data-start=\"702\" data-end=\"917\">Juntamente com o IMPPA A.G. e outras organiza\u00e7\u00f5es aliadas, desenvolvemos <strong data-start=\"761\" data-end=\"776\">Agrorecicla<\/strong>, O servi\u00e7o \u00e9 um sistema inovador para a recupera\u00e7\u00e3o de embalagens pl\u00e1sticas diretamente das instala\u00e7\u00f5es dos produtores agr\u00edcolas. Esse servi\u00e7o:<\/p><ul data-start=\"919\" data-end=\"1228\"><li data-start=\"919\" data-end=\"1023\"><p data-start=\"921\" data-end=\"1023\"><strong data-start=\"921\" data-end=\"950\">Retirada gratuita<\/strong> embalagem de produtos de prote\u00e7\u00e3o de plantas, fertilizantes foliares e bioestimulantes.<\/p><\/li><li data-start=\"1024\" data-end=\"1125\"><p data-start=\"1026\" data-end=\"1125\"><strong data-start=\"1026\" data-end=\"1068\">Opera sem distin\u00e7\u00e3o de marca ou origem<\/strong>S\u00e3o aceitas embalagens de qualquer empresa ou distribuidor.<\/p><\/li><li data-start=\"1126\" data-end=\"1228\"><p data-start=\"1128\" data-end=\"1228\">Atualmente, ele est\u00e1 dispon\u00edvel no Chile em <strong data-start=\"1162\" data-end=\"1184\">V, VI e VII Regi\u00e3o<\/strong>, com planos de expans\u00e3o para mais territ\u00f3rios.<\/p><\/li><\/ul><p data-start=\"1230\" data-end=\"1457\">A Agrorecicla representa um exemplo concreto de como podemos <strong data-start=\"1289\" data-end=\"1339\">Fechamento do ciclo de produtos agr\u00edcolas<\/strong>, O objetivo \u00e9 transformar os res\u00edduos em novos recursos e evitar que eles acabem em aterros sanit\u00e1rios ou afetem o ambiente natural.<\/p>\t\t\t\t\t\t\t\t<\/div>\n\t\t\t\t<\/div>\n\t\t\t\t<div class=\"elementor-element elementor-element-dc7ac8e elementor-widget elementor-widget-text-editor\" data-id=\"dc7ac8e\" data-element_type=\"widget\" data-e-type=\"widget\" data-widget_type=\"text-editor.default\">\n\t\t\t\t<div class=\"elementor-widget-container\">\n\t\t\t\t\t\t\t\t\t<h2 data-start=\"654\" data-end=\"700\">Resultados que causam impacto<\/h2><p data-start=\"2862\" data-end=\"3070\">Esse programa foi reconhecido por sua efici\u00eancia, simplicidade operacional e\u00a0<strong data-start=\"2938\" data-end=\"2994\">alta ado\u00e7\u00e3o entre produtores de todos os tamanhos<\/strong>, gerando um impacto real e mensur\u00e1vel na sustentabilidade da agricultura chilena.<\/p>\t\t\t\t\t\t\t\t<\/div>\n\t\t\t\t<\/div>\n\t\t\t\t\t<\/div>\n\t\t<\/div>\n\t\t\t\t\t<\/div>\n\t\t<\/section>\n\t\t\t\t<section class=\"elementor-section elementor-top-section elementor-element elementor-element-8ba922a elementor-section-boxed elementor-section-height-default elementor-section-height-default\" data-id=\"8ba922a\" data-element_type=\"section\" data-e-type=\"section\" data-settings=\"{&quot;background_background&quot;:&quot;classic&quot;}\">\n\t\t\t\t\t\t<div class=\"elementor-container elementor-column-gap-default\">\n\t\t\t\t\t<div class=\"elementor-column elementor-col-33 elementor-top-column elementor-element elementor-element-5ee1970\" data-id=\"5ee1970\" data-element_type=\"column\" data-e-type=\"column\">\n\t\t\t<div class=\"elementor-widget-wrap\">\n\t\t\t\t\t\t\t<\/div>\n\t\t<\/div>\n\t\t\t\t<div class=\"elementor-column elementor-col-33 elementor-top-column elementor-element elementor-element-fe36632\" data-id=\"fe36632\" data-element_type=\"column\" data-e-type=\"column\">\n\t\t\t<div class=\"elementor-widget-wrap elementor-element-populated\">\n\t\t\t\t\t\t<div class=\"elementor-element elementor-element-9b652c9 elementor-widget__width-initial elementor-widget elementor-widget-image\" data-id=\"9b652c9\" data-element_type=\"widget\" data-e-type=\"widget\" data-widget_type=\"image.default\">\n\t\t\t\t<div class=\"elementor-widget-container\">\n\t\t\t\t\t\t\t\t\t\t\t\t\t\t\t<img decoding=\"async\" src=\"https:\/\/anasac.com\/wp-content\/uploads\/2025\/06\/Logo-agrorecicla-1.svg\" title=\"Logotipo da Agrorecicla\" alt=\"Logotipo da Agrorecicla\" loading=\"lazy\" \/>\t\t\t\t\t\t\t\t\t\t\t\t\t\t\t<\/div>\n\t\t\t\t<\/div>\n\t\t\t\t<div class=\"elementor-element elementor-element-a8ee83a elementor-widget elementor-widget-counter\" data-id=\"a8ee83a\" data-element_type=\"widget\" data-e-type=\"widget\" data-widget_type=\"counter.default\">\n\t\t\t\t<div class=\"elementor-widget-container\">\n\t\t\t\t\t\t\t<div class=\"elementor-counter\">\n\t\t\t<div class=\"elementor-counter-title\">de pl\u00e1stico removido<\/div>\t\t\t<div class=\"elementor-counter-number-wrapper\">\n\t\t\t\t<span class=\"elementor-counter-number-prefix\">+<\/span>\n\t\t\t\t<span class=\"elementor-counter-number\" data-duration=\"2000\" data-to-value=\"1900\" data-from-value=\"0\" data-delimiter=\".\">0<\/span>\n\t\t\t\t<span class=\"elementor-counter-number-suffix\"><\/span>\n\t\t\t<\/div>\n\t\t<\/div>\n\t\t\t\t\t\t<\/div>\n\t\t\t\t<\/div>\n\t\t\t\t\t<\/div>\n\t\t<\/div>\n\t\t\t\t<div class=\"elementor-column elementor-col-33 elementor-top-column elementor-element elementor-element-458d890\" data-id=\"458d890\" data-element_type=\"column\" data-e-type=\"column\">\n\t\t\t<div class=\"elementor-widget-wrap\">\n\t\t\t\t\t\t\t<\/div>\n\t\t<\/div>\n\t\t\t\t\t<\/div>\n\t\t<\/section>\n\t\t\t\t<\/div>","protected":false},"excerpt":{"rendered":"<p>Gesti\u00f3n de envases de clientes En Anasac, asumimos un compromiso activo con la econom\u00eda circular y el uso responsable de los recursos. Sabemos que los envases pl\u00e1sticos utilizados en la actividad agropecuaria representan un gran desaf\u00edo ambiental, por lo que hemos creado soluciones concretas y accesibles para apoyar a nuestros clientes en su correcta gesti\u00f3n. [&hellip;]<\/p>\n","protected":false},"author":1,"featured_media":0,"parent":0,"menu_order":0,"comment_status":"closed","ping_status":"closed","template":"","meta":{"footnotes":""},"class_list":["post-9091","page","type-page","status-publish","hentry"],"_links":{"self":[{"href":"https:\/\/anasac.com\/pt\/wp-json\/wp\/v2\/pages\/9091","targetHints":{"allow":["GET"]}}],"collection":[{"href":"https:\/\/anasac.com\/pt\/wp-json\/wp\/v2\/pages"}],"about":[{"href":"https:\/\/anasac.com\/pt\/wp-json\/wp\/v2\/types\/page"}],"author":[{"embeddable":true,"href":"https:\/\/anasac.com\/pt\/wp-json\/wp\/v2\/users\/1"}],"replies":[{"embeddable":true,"href":"https:\/\/anasac.com\/pt\/wp-json\/wp\/v2\/comments?post=9091"}],"version-history":[{"count":27,"href":"https:\/\/anasac.com\/pt\/wp-json\/wp\/v2\/pages\/9091\/revisions"}],"predecessor-version":[{"id":11236,"href":"https:\/\/anasac.com\/pt\/wp-json\/wp\/v2\/pages\/9091\/revisions\/11236"}],"wp:attachment":[{"href":"https:\/\/anasac.com\/pt\/wp-json\/wp\/v2\/media?parent=9091"}],"curies":[{"name":"wp","href":"https:\/\/api.w.org\/{rel}","templated":true}]}}