{"id":8648,"date":"2025-01-28T12:39:16","date_gmt":"2025-01-28T12:39:16","guid":{"rendered":"https:\/\/anasac.com\/?page_id=8648"},"modified":"2025-08-09T12:24:47","modified_gmt":"2025-08-09T16:24:47","slug":"assistente-virtual","status":"publish","type":"page","link":"https:\/\/anasac.com\/pt\/asistente-virtual\/","title":{"rendered":"Termos e condi\u00e7\u00f5es Assistente virtual (ANA)"},"content":{"rendered":"<div data-elementor-type=\"wp-page\" data-elementor-id=\"8648\" class=\"elementor elementor-8648\" data-elementor-post-type=\"page\">\n\t\t\t\t\t\t<section class=\"elementor-section elementor-top-section elementor-element elementor-element-4dfc7f4 elementor-section-height-min-height elementor-section-boxed elementor-section-height-default elementor-section-items-middle\" data-id=\"4dfc7f4\" data-element_type=\"section\" data-e-type=\"section\" data-settings=\"{&quot;background_background&quot;:&quot;classic&quot;}\">\n\t\t\t\t\t\t\t<div class=\"elementor-background-overlay\"><\/div>\n\t\t\t\t\t\t\t<div class=\"elementor-container elementor-column-gap-default\">\n\t\t\t\t\t<div class=\"elementor-column elementor-col-100 elementor-top-column elementor-element elementor-element-b579ced\" data-id=\"b579ced\" data-element_type=\"column\" data-e-type=\"column\">\n\t\t\t<div class=\"elementor-widget-wrap elementor-element-populated\">\n\t\t\t\t\t\t<div class=\"elementor-element elementor-element-96be40d elementor-widget__width-auto elementor-widget elementor-widget-heading\" data-id=\"96be40d\" data-element_type=\"widget\" data-e-type=\"widget\" data-widget_type=\"heading.default\">\n\t\t\t\t<div class=\"elementor-widget-container\">\n\t\t\t\t\t<h2 class=\"elementor-heading-title elementor-size-default\">Assistente virtual (ANA)<\/h2>\t\t\t\t<\/div>\n\t\t\t\t<\/div>\n\t\t\t\t\t<\/div>\n\t\t<\/div>\n\t\t\t\t\t<\/div>\n\t\t<\/section>\n\t\t\t\t<section class=\"elementor-section elementor-top-section elementor-element elementor-element-4a56ba9 elementor-section-boxed elementor-section-height-default elementor-section-height-default\" data-id=\"4a56ba9\" data-element_type=\"section\" data-e-type=\"section\">\n\t\t\t\t\t\t<div class=\"elementor-container elementor-column-gap-default\">\n\t\t\t\t\t<div class=\"elementor-column elementor-col-100 elementor-top-column elementor-element elementor-element-d48723a\" data-id=\"d48723a\" data-element_type=\"column\" data-e-type=\"column\">\n\t\t\t<div class=\"elementor-widget-wrap elementor-element-populated\">\n\t\t\t\t\t\t<div class=\"elementor-element elementor-element-fbb174c elementor-widget elementor-widget-spacer\" data-id=\"fbb174c\" data-element_type=\"widget\" data-e-type=\"widget\" data-widget_type=\"spacer.default\">\n\t\t\t\t<div class=\"elementor-widget-container\">\n\t\t\t\t\t\t\t<div class=\"elementor-spacer\">\n\t\t\t<div class=\"elementor-spacer-inner\"><\/div>\n\t\t<\/div>\n\t\t\t\t\t\t<\/div>\n\t\t\t\t<\/div>\n\t\t\t\t\t<\/div>\n\t\t<\/div>\n\t\t\t\t\t<\/div>\n\t\t<\/section>\n\t\t\t\t<section class=\"elementor-section elementor-top-section elementor-element elementor-element-3173491 elementor-section-boxed elementor-section-height-default elementor-section-height-default\" data-id=\"3173491\" data-element_type=\"section\" data-e-type=\"section\">\n\t\t\t\t\t\t<div class=\"elementor-container elementor-column-gap-default\">\n\t\t\t\t\t<div class=\"elementor-column elementor-col-100 elementor-top-column elementor-element elementor-element-2dfc891\" data-id=\"2dfc891\" data-element_type=\"column\" data-e-type=\"column\">\n\t\t\t<div class=\"elementor-widget-wrap elementor-element-populated\">\n\t\t\t\t\t\t<div class=\"elementor-element elementor-element-b5e1233 elementor-widget elementor-widget-text-editor\" data-id=\"b5e1233\" data-element_type=\"widget\" data-e-type=\"widget\" data-widget_type=\"text-editor.default\">\n\t\t\t\t<div class=\"elementor-widget-container\">\n\t\t\t\t\t\t\t\t\t<p>Ao usar este servi\u00e7o, voc\u00ea concorda com nossos Termos e Condi\u00e7\u00f5es de Uso e Pol\u00edtica de Privacidade. Este chatbot tem o objetivo de fornecer informa\u00e7\u00f5es gerais e suporte sobre os produtos e servi\u00e7os da Anasac. As informa\u00e7\u00f5es fornecidas n\u00e3o substituem as instru\u00e7\u00f5es do r\u00f3tulo ou o aconselhamento profissional.<\/p>\t\t\t\t\t\t\t\t<\/div>\n\t\t\t\t<\/div>\n\t\t\t\t\t<\/div>\n\t\t<\/div>\n\t\t\t\t\t<\/div>\n\t\t<\/section>\n\t\t\t\t<section class=\"elementor-section elementor-top-section elementor-element elementor-element-e02db10 elementor-section-boxed elementor-section-height-default elementor-section-height-default\" data-id=\"e02db10\" data-element_type=\"section\" data-e-type=\"section\">\n\t\t\t\t\t\t<div class=\"elementor-container elementor-column-gap-default\">\n\t\t\t\t\t<div class=\"elementor-column elementor-col-100 elementor-top-column elementor-element elementor-element-9d90ffb\" data-id=\"9d90ffb\" data-element_type=\"column\" data-e-type=\"column\">\n\t\t\t<div class=\"elementor-widget-wrap elementor-element-populated\">\n\t\t\t\t\t\t<div class=\"elementor-element elementor-element-ac11c15 elementor-widget elementor-widget-text-editor\" data-id=\"ac11c15\" data-element_type=\"widget\" data-e-type=\"widget\" data-widget_type=\"text-editor.default\">\n\t\t\t\t<div class=\"elementor-widget-container\">\n\t\t\t\t\t\t\t\t\t<p><strong>Consulte nossos Termos e Condi\u00e7\u00f5es completos aqui:<\/strong><\/p>\t\t\t\t\t\t\t\t<\/div>\n\t\t\t\t<\/div>\n\t\t\t\t<div class=\"elementor-element elementor-element-0790c1f elementor-widget elementor-widget-accordion\" data-id=\"0790c1f\" data-element_type=\"widget\" data-e-type=\"widget\" data-widget_type=\"accordion.default\">\n\t\t\t\t<div class=\"elementor-widget-container\">\n\t\t\t\t\t\t\t<div class=\"elementor-accordion\">\n\t\t\t\t\t\t\t<div class=\"elementor-accordion-item\">\n\t\t\t\t\t<div id=\"elementor-tab-title-7931\" class=\"elementor-tab-title\" data-tab=\"1\" role=\"button\" aria-controls=\"elementor-tab-content-7931\" aria-expanded=\"false\">\n\t\t\t\t\t\t\t\t\t\t\t\t\t<span class=\"elementor-accordion-icon elementor-accordion-icon-left\" aria-hidden=\"true\">\n\t\t\t\t\t\t\t\t\t\t\t\t\t\t\t<span class=\"elementor-accordion-icon-closed\"><svg class=\"e-font-icon-svg e-fas-plus\" viewbox=\"0 0 448 512\" xmlns=\"http:\/\/www.w3.org\/2000\/svg\"><path d=\"M416 208H272V64c0-17.67-14.33-32-32-32h-32c-17.67 0-32 14.33-32 32v144H32c-17.67 0-32 14.33-32 32v32c0 17.67 14.33 32 32 32h144v144c0 17.67 14.33 32 32 32h32c17.67 0 32-14.33 32-32V304h144c17.67 0 32-14.33 32-32v-32c0-17.67-14.33-32-32-32z\"><\/path><\/svg><\/span>\n\t\t\t\t\t\t\t\t<span class=\"elementor-accordion-icon-opened\"><svg class=\"e-font-icon-svg e-fas-minus\" viewbox=\"0 0 448 512\" xmlns=\"http:\/\/www.w3.org\/2000\/svg\"><path d=\"M416 208H32c-17.67 0-32 14.33-32 32v32c0 17.67 14.33 32 32 32h384c17.67 0 32-14.33 32-32v-32c0-17.67-14.33-32-32-32z\"><\/path><\/svg><\/span>\n\t\t\t\t\t\t\t\t\t\t\t\t\t\t<\/span>\n\t\t\t\t\t\t\t\t\t\t\t\t<a class=\"elementor-accordion-title\" tabindex=\"0\">Termos e condi\u00e7\u00f5es de uso<\/a>\n\t\t\t\t\t<\/div>\n\t\t\t\t\t<div id=\"elementor-tab-content-7931\" class=\"elementor-tab-content elementor-clearfix\" data-tab=\"1\" role=\"region\" aria-labelledby=\"elementor-tab-title-7931\"><p><em>Data da \u00faltima atualiza\u00e7\u00e3o: Janeiro de 2025<\/em><\/p><h4>1. aceita\u00e7\u00e3o dos termos e condi\u00e7\u00f5es<\/h4><p>Ao usar o chatbot fornecido pela Anasac Chile S.A. e Anasac Ambiental S.A. (doravante \u00abAnasac\u00bb, \u00abn\u00f3s\u00bb, \u00abnos\u00bb ou \u00aba empresa\u00bb), voc\u00ea (doravante \u00abvoc\u00ea\u00bb ou \"o usu\u00e1rio\") concorda com estes Termos e Condi\u00e7\u00f5es. Se voc\u00ea n\u00e3o concordar com esses termos, por favor, n\u00e3o use o chatbot.<\/p><h4>2. Objetivo do Chatbot<\/h4><p>O chatbot da Anasac tem o objetivo de fornecer suporte e informa\u00e7\u00f5es gerais sobre produtos relacionados a insumos agr\u00edcolas, jardinagem, animais de estima\u00e7\u00e3o e outros produtos das empresas mencionadas acima. As informa\u00e7\u00f5es fornecidas pelo chatbot s\u00e3o de natureza geral e n\u00e3o devem ser interpretadas como aconselhamento profissional especializado.<\/p><h4>3. Uso das informa\u00e7\u00f5es fornecidas<\/h4><p>O usu\u00e1rio entende e aceita que as recomenda\u00e7\u00f5es, sugest\u00f5es ou respostas fornecidas pelo chatbot s\u00e3o apenas para fins informativos e podem conter erros ou imprecis\u00f5es. Em nenhum caso a Anasac ser\u00e1 respons\u00e1vel por quaisquer danos ou consequ\u00eancias adversas que possam surgir do uso de tais informa\u00e7\u00f5es, direta ou indiretamente.<\/p><h4>4. Valida\u00e7\u00e3o com profissionais<\/h4><p>O usu\u00e1rio concorda em validar todas as informa\u00e7\u00f5es fornecidas pelo chatbot com profissionais da \u00e1rea correspondente (agronomia, veterin\u00e1ria, jardinagem etc.) ou com outras fontes confi\u00e1veis antes de tomar decis\u00f5es relacionadas ao uso de produtos ou pr\u00e1ticas recomendadas pelo chatbot. O usu\u00e1rio assume toda a responsabilidade pelas decis\u00f5es tomadas com base nas informa\u00e7\u00f5es fornecidas pelo chatbot.<\/p><h4>5. Uso de produtos de acordo com o r\u00f3tulo<\/h4><p>O usu\u00e1rio concorda em seguir rigorosamente as instru\u00e7\u00f5es contidas nos r\u00f3tulos dos produtos da Anasac ou de seus distribuidores, bem como em cumprir as regulamenta\u00e7\u00f5es locais aplic\u00e1veis. As informa\u00e7\u00f5es fornecidas pelo chatbot n\u00e3o substituem as indica\u00e7\u00f5es nos r\u00f3tulos ou as recomenda\u00e7\u00f5es de profissionais da \u00e1rea.<\/p><h4>6. Ren\u00fancia de responsabilidade<\/h4><p>A Anasac Chile S.A. e a Anasac Ambiental S.A. n\u00e3o ser\u00e3o respons\u00e1veis por quaisquer danos, perdas ou consequ\u00eancias de qualquer tipo decorrentes do uso das informa\u00e7\u00f5es fornecidas pelo chatbot, incluindo, mas n\u00e3o se limitando a, danos a planta\u00e7\u00f5es, animais, pessoas ou propriedades.<\/p><h4>7. Modifica\u00e7\u00e3o dos Termos e Condi\u00e7\u00f5es<\/h4><p>A Anasac se reserva o direito de modificar estes Termos e Condi\u00e7\u00f5es a qualquer momento. Quaisquer altera\u00e7\u00f5es ser\u00e3o notificadas ao usu\u00e1rio por meio do chatbot ou por outros meios apropriados. O uso continuado do chatbot ap\u00f3s tais altera\u00e7\u00f5es implica a aceita\u00e7\u00e3o dos novos termos.<\/p><h4>8. Pol\u00edtica de privacidade<\/h4><p>Seu uso do chatbot est\u00e1 sujeito \u00e0 nossa Pol\u00edtica de Privacidade, que descreve como coletamos, usamos, armazenamos e protegemos suas informa\u00e7\u00f5es pessoais. Ao usar o chatbot, voc\u00ea concorda com os termos dessa pol\u00edtica.<\/p><h4>9. Lei Aplic\u00e1vel e Jurisdi\u00e7\u00e3o<\/h4><p>Estes Termos e Condi\u00e7\u00f5es ser\u00e3o regidos pelas leis da Rep\u00fablica do Chile. Qualquer disputa relacionada ao uso do chatbot ser\u00e1 resolvida perante os tribunais competentes da cidade de Santiago, Chile.<\/p><\/div>\n\t\t\t\t<\/div>\n\t\t\t\t\t\t\t\t<\/div>\n\t\t\t\t\t\t<\/div>\n\t\t\t\t<\/div>\n\t\t\t\t<div class=\"elementor-element elementor-element-0d7c377 elementor-widget elementor-widget-text-editor\" data-id=\"0d7c377\" data-element_type=\"widget\" data-e-type=\"widget\" data-widget_type=\"text-editor.default\">\n\t\t\t\t<div class=\"elementor-widget-container\">\n\t\t\t\t\t\t\t\t\t<p><strong>Consulte nossa Pol\u00edtica de Privacidade aqui:\u00a0<\/strong><\/p>\t\t\t\t\t\t\t\t<\/div>\n\t\t\t\t<\/div>\n\t\t\t\t<div class=\"elementor-element elementor-element-a2803ed elementor-widget elementor-widget-accordion\" data-id=\"a2803ed\" data-element_type=\"widget\" data-e-type=\"widget\" data-widget_type=\"accordion.default\">\n\t\t\t\t<div class=\"elementor-widget-container\">\n\t\t\t\t\t\t\t<div class=\"elementor-accordion\">\n\t\t\t\t\t\t\t<div class=\"elementor-accordion-item\">\n\t\t\t\t\t<div id=\"elementor-tab-title-1701\" class=\"elementor-tab-title\" data-tab=\"1\" role=\"button\" aria-controls=\"elementor-tab-content-1701\" aria-expanded=\"false\">\n\t\t\t\t\t\t\t\t\t\t\t\t\t<span class=\"elementor-accordion-icon elementor-accordion-icon-left\" aria-hidden=\"true\">\n\t\t\t\t\t\t\t\t\t\t\t\t\t\t\t<span class=\"elementor-accordion-icon-closed\"><svg class=\"e-font-icon-svg e-fas-plus\" viewbox=\"0 0 448 512\" xmlns=\"http:\/\/www.w3.org\/2000\/svg\"><path d=\"M416 208H272V64c0-17.67-14.33-32-32-32h-32c-17.67 0-32 14.33-32 32v144H32c-17.67 0-32 14.33-32 32v32c0 17.67 14.33 32 32 32h144v144c0 17.67 14.33 32 32 32h32c17.67 0 32-14.33 32-32V304h144c17.67 0 32-14.33 32-32v-32c0-17.67-14.33-32-32-32z\"><\/path><\/svg><\/span>\n\t\t\t\t\t\t\t\t<span class=\"elementor-accordion-icon-opened\"><svg class=\"e-font-icon-svg e-fas-minus\" viewbox=\"0 0 448 512\" xmlns=\"http:\/\/www.w3.org\/2000\/svg\"><path d=\"M416 208H32c-17.67 0-32 14.33-32 32v32c0 17.67 14.33 32 32 32h384c17.67 0 32-14.33 32-32v-32c0-17.67-14.33-32-32-32z\"><\/path><\/svg><\/span>\n\t\t\t\t\t\t\t\t\t\t\t\t\t\t<\/span>\n\t\t\t\t\t\t\t\t\t\t\t\t<a class=\"elementor-accordion-title\" tabindex=\"0\">Pol\u00edtica de privacidade<\/a>\n\t\t\t\t\t<\/div>\n\t\t\t\t\t<div id=\"elementor-tab-content-1701\" class=\"elementor-tab-content elementor-clearfix\" data-tab=\"1\" role=\"region\" aria-labelledby=\"elementor-tab-title-1701\"><p><em>Data da \u00faltima atualiza\u00e7\u00e3o: Janeiro de 2025<\/em><\/p><h4>Introdu\u00e7\u00e3o<\/h4><p>A Anasac Chile S.A. e a Anasac Ambiental S.A. (doravante, \u00abAnasac\u00bb, \u00abn\u00f3s\u00bb, \u00abnos\u00bb ou \"a empresa\"), est\u00e3o comprometidas em proteger a privacidade e a seguran\u00e7a dos dados pessoais dos usu\u00e1rios que interagem com nosso chatbot. Esta Pol\u00edtica de Privacidade descreve como coletamos, usamos, armazenamos e protegemos suas informa\u00e7\u00f5es.<\/p><h4>2. informa\u00e7\u00f5es coletadas<\/h4><p>Quando voc\u00ea usa nosso chatbot, podemos coletar as seguintes informa\u00e7\u00f5es:<\/p><ul><li>Dados de intera\u00e7\u00e3o: informa\u00e7\u00f5es sobre suas consultas, perguntas e respostas fornecidas pelo chatbot.<\/li><li>Dados pessoais: em alguns casos, podemos solicitar informa\u00e7\u00f5es pessoais, como seu nome, endere\u00e7o de e-mail ou n\u00famero de telefone, somente se voc\u00ea optar por fornec\u00ea-las para fins de atendimento ou acompanhamento.<\/li><li>Dados de uso: informa\u00e7\u00f5es sobre o dispositivo a partir do qual voc\u00ea acessa o chatbot, como endere\u00e7o IP, tipo de dispositivo, localiza\u00e7\u00e3o geogr\u00e1fica (se ativada) e outras informa\u00e7\u00f5es t\u00e9cnicas relacionadas ao seu acesso.<\/li><\/ul><h4>3. Uso de informa\u00e7\u00f5es<\/h4><p>As informa\u00e7\u00f5es coletadas s\u00e3o usadas para:<\/p><ul><li>Forne\u00e7a respostas e recomenda\u00e7\u00f5es personalizadas por meio do chatbot.<\/li><li>Melhore a qualidade do servi\u00e7o e a precis\u00e3o das respostas do chatbot.<\/li><li>Enviar comunica\u00e7\u00f5es relacionadas ao servi\u00e7o, caso tenha fornecido suas informa\u00e7\u00f5es de contato.<\/li><li>Cumprir as obriga\u00e7\u00f5es legais e regulat\u00f3rias aplic\u00e1veis.<\/li><\/ul><h4>4. Prote\u00e7\u00e3o de informa\u00e7\u00f5es<\/h4><p>Implementamos medidas razo\u00e1veis de seguran\u00e7a f\u00edsica, eletr\u00f4nica e administrativa para proteger suas informa\u00e7\u00f5es pessoais. Entretanto, n\u00e3o podemos garantir a seguran\u00e7a total das transmiss\u00f5es pela Internet.<\/p><h4>5. Compartilhamento de informa\u00e7\u00f5es<\/h4><p>N\u00e3o compartilhamos suas informa\u00e7\u00f5es pessoais com terceiros, exceto quando necess\u00e1rio para cumprir as leis aplic\u00e1veis ou conforme exigido por processo legal. Tamb\u00e9m n\u00e3o vendemos ou alugamos suas informa\u00e7\u00f5es pessoais a terceiros.<\/p><h4>6. Reten\u00e7\u00e3o de dados<\/h4><p>Retemos os dados pessoais somente pelo tempo necess\u00e1rio para cumprir as finalidades para as quais foram coletados ou conforme exigido pela legisla\u00e7\u00e3o aplic\u00e1vel.<\/p><h4>7. Seus direitos<\/h4><p>Voc\u00ea tem o direito de acessar, corrigir ou excluir suas informa\u00e7\u00f5es pessoais a qualquer momento. Se desejar exercer qualquer um desses direitos, entre em contato conosco pelos canais de contato dispon\u00edveis.<\/p><h4>8. Cookies e tecnologias similares<\/h4><p>O chatbot pode usar cookies ou outras tecnologias de rastreamento para aprimorar a experi\u00eancia do usu\u00e1rio e coletar informa\u00e7\u00f5es sobre o uso do servi\u00e7o. Voc\u00ea pode configurar seu navegador para rejeitar cookies, mas algumas funcionalidades do chatbot podem n\u00e3o estar dispon\u00edveis se voc\u00ea fizer isso.<\/p><h4>9. Altera\u00e7\u00f5es na Pol\u00edtica de Privacidade<\/h4><p>Reservamo-nos o direito de modificar esta Pol\u00edtica de Privacidade a qualquer momento. Todas as altera\u00e7\u00f5es ser\u00e3o publicadas nesta p\u00e1gina e entrar\u00e3o em vigor imediatamente. Recomendamos que voc\u00ea revise periodicamente esta pol\u00edtica.<\/p><h4>10. Contato<\/h4><p>Em caso de d\u00favidas ou preocupa\u00e7\u00f5es sobre nossa Pol\u00edtica de Privacidade ou sobre como lidamos com suas informa\u00e7\u00f5es pessoais, entre em contato conosco <a href=\"http:\/\/www.anasac.cl\" rel=\"nofollow noopener\" target=\"_blank\">www.anasac.cl<\/a><\/p><\/div>\n\t\t\t\t<\/div>\n\t\t\t\t\t\t\t\t<\/div>\n\t\t\t\t\t\t<\/div>\n\t\t\t\t<\/div>\n\t\t\t\t\t<\/div>\n\t\t<\/div>\n\t\t\t\t\t<\/div>\n\t\t<\/section>\n\t\t\t\t<section class=\"elementor-section elementor-top-section elementor-element elementor-element-378e212 elementor-section-boxed elementor-section-height-default elementor-section-height-default\" data-id=\"378e212\" data-element_type=\"section\" data-e-type=\"section\">\n\t\t\t\t\t\t<div class=\"elementor-container elementor-column-gap-default\">\n\t\t\t\t\t<div class=\"elementor-column elementor-col-100 elementor-top-column elementor-element elementor-element-8b72f5e\" data-id=\"8b72f5e\" data-element_type=\"column\" data-e-type=\"column\">\n\t\t\t<div class=\"elementor-widget-wrap elementor-element-populated\">\n\t\t\t\t\t\t<div class=\"elementor-element elementor-element-c0d7ecc elementor-widget elementor-widget-spacer\" data-id=\"c0d7ecc\" data-element_type=\"widget\" data-e-type=\"widget\" data-widget_type=\"spacer.default\">\n\t\t\t\t<div class=\"elementor-widget-container\">\n\t\t\t\t\t\t\t<div class=\"elementor-spacer\">\n\t\t\t<div class=\"elementor-spacer-inner\"><\/div>\n\t\t<\/div>\n\t\t\t\t\t\t<\/div>\n\t\t\t\t<\/div>\n\t\t\t\t\t<\/div>\n\t\t<\/div>\n\t\t\t\t\t<\/div>\n\t\t<\/section>\n\t\t\t\t<\/div>","protected":false},"excerpt":{"rendered":"<p>Asistente Virtual (ANA) Al utilizar este servicio, aceptas nuestros T\u00e9rminos y Condiciones de Uso y nuestra Pol\u00edtica de Privacidad. Este chatbot tiene como prop\u00f3sito ofrecer informaci\u00f3n general y soporte sobre productos y servicios de Anasac. La informaci\u00f3n proporcionada no reemplaza las indicaciones de las etiquetas ni el asesoramiento de profesionales. Consulta nuestros T\u00e9rminos y Condiciones [&hellip;]<\/p>\n","protected":false},"author":1,"featured_media":0,"parent":0,"menu_order":0,"comment_status":"closed","ping_status":"closed","template":"","meta":{"footnotes":""},"class_list":["post-8648","page","type-page","status-publish","hentry"],"_links":{"self":[{"href":"https:\/\/anasac.com\/pt\/wp-json\/wp\/v2\/pages\/8648","targetHints":{"allow":["GET"]}}],"collection":[{"href":"https:\/\/anasac.com\/pt\/wp-json\/wp\/v2\/pages"}],"about":[{"href":"https:\/\/anasac.com\/pt\/wp-json\/wp\/v2\/types\/page"}],"author":[{"embeddable":true,"href":"https:\/\/anasac.com\/pt\/wp-json\/wp\/v2\/users\/1"}],"replies":[{"embeddable":true,"href":"https:\/\/anasac.com\/pt\/wp-json\/wp\/v2\/comments?post=8648"}],"version-history":[{"count":1,"href":"https:\/\/anasac.com\/pt\/wp-json\/wp\/v2\/pages\/8648\/revisions"}],"predecessor-version":[{"id":11018,"href":"https:\/\/anasac.com\/pt\/wp-json\/wp\/v2\/pages\/8648\/revisions\/11018"}],"wp:attachment":[{"href":"https:\/\/anasac.com\/pt\/wp-json\/wp\/v2\/media?parent=8648"}],"curies":[{"name":"wp","href":"https:\/\/api.w.org\/{rel}","templated":true}]}}