{"id":8251,"date":"2024-07-11T14:00:24","date_gmt":"2024-07-11T14:00:24","guid":{"rendered":"https:\/\/anasac.com\/?page_id=8251"},"modified":"2025-08-09T16:25:37","modified_gmt":"2025-08-09T20:25:37","slug":"pessoas","status":"publish","type":"page","link":"https:\/\/anasac.com\/pt\/personas\/","title":{"rendered":"Pessoas"},"content":{"rendered":"<div data-elementor-type=\"wp-page\" data-elementor-id=\"8251\" class=\"elementor elementor-8251\" data-elementor-post-type=\"page\">\n\t\t\t\t\t\t<section class=\"elementor-section elementor-top-section elementor-element elementor-element-2accbfcb elementor-section-height-min-height elementor-section-boxed elementor-section-height-default elementor-section-items-middle\" data-id=\"2accbfcb\" data-element_type=\"section\" data-e-type=\"section\" data-settings=\"{&quot;background_background&quot;:&quot;classic&quot;}\">\n\t\t\t\t\t\t\t<div class=\"elementor-background-overlay\"><\/div>\n\t\t\t\t\t\t\t<div class=\"elementor-container elementor-column-gap-default\">\n\t\t\t\t\t<div class=\"elementor-column elementor-col-100 elementor-top-column elementor-element elementor-element-a364d48\" data-id=\"a364d48\" data-element_type=\"column\" data-e-type=\"column\">\n\t\t\t<div class=\"elementor-widget-wrap elementor-element-populated\">\n\t\t\t\t\t\t<div class=\"elementor-element elementor-element-15457b62 elementor-widget__width-auto elementor-widget elementor-widget-heading\" data-id=\"15457b62\" data-element_type=\"widget\" data-e-type=\"widget\" data-widget_type=\"heading.default\">\n\t\t\t\t<div class=\"elementor-widget-container\">\n\t\t\t\t\t<h1 class=\"elementor-heading-title elementor-size-default\">Pessoas<\/h1>\t\t\t\t<\/div>\n\t\t\t\t<\/div>\n\t\t\t\t\t<\/div>\n\t\t<\/div>\n\t\t\t\t\t<\/div>\n\t\t<\/section>\n\t\t\t\t<section class=\"elementor-section elementor-top-section elementor-element elementor-element-65440f7 elementor-section-boxed elementor-section-height-default elementor-section-height-default\" data-id=\"65440f7\" data-element_type=\"section\" data-e-type=\"section\">\n\t\t\t\t\t\t<div class=\"elementor-container elementor-column-gap-default\">\n\t\t\t\t\t<div class=\"elementor-column elementor-col-100 elementor-top-column elementor-element elementor-element-1e333fe\" data-id=\"1e333fe\" data-element_type=\"column\" data-e-type=\"column\">\n\t\t\t<div class=\"elementor-widget-wrap elementor-element-populated\">\n\t\t\t\t\t\t<div class=\"elementor-element elementor-element-829ec54 elementor-widget elementor-widget-text-editor\" data-id=\"829ec54\" data-element_type=\"widget\" data-e-type=\"widget\" data-widget_type=\"text-editor.default\">\n\t\t\t\t<div class=\"elementor-widget-container\">\n\t\t\t\t\t\t\t\t\t<p>Somos mais de 1.300 pessoas, trabalhando como uma grande equipe e comprometidos com o desenvolvimento da agricultura e dos v\u00e1rios setores dos quais participamos.<\/p>\t\t\t\t\t\t\t\t<\/div>\n\t\t\t\t<\/div>\n\t\t\t\t\t<\/div>\n\t\t<\/div>\n\t\t\t\t\t<\/div>\n\t\t<\/section>\n\t\t\t\t<section class=\"elementor-section elementor-top-section elementor-element elementor-element-0182411 elementor-section-boxed elementor-section-height-default elementor-section-height-default\" data-id=\"0182411\" data-element_type=\"section\" data-e-type=\"section\" data-settings=\"{&quot;background_background&quot;:&quot;gradient&quot;}\">\n\t\t\t\t\t\t\t<div class=\"elementor-background-overlay\"><\/div>\n\t\t\t\t\t\t\t<div class=\"elementor-container elementor-column-gap-default\">\n\t\t\t\t\t<div class=\"elementor-column elementor-col-100 elementor-top-column elementor-element elementor-element-7a0e6dd\" data-id=\"7a0e6dd\" data-element_type=\"column\" data-e-type=\"column\">\n\t\t\t<div class=\"elementor-widget-wrap elementor-element-populated\">\n\t\t\t\t\t\t<section class=\"elementor-section elementor-inner-section elementor-element elementor-element-06fa521 elementor-section-full_width elementor-section-height-default elementor-section-height-default\" data-id=\"06fa521\" data-element_type=\"section\" data-e-type=\"section\">\n\t\t\t\t\t\t<div class=\"elementor-container elementor-column-gap-no\">\n\t\t\t\t\t<div class=\"elementor-column elementor-col-33 elementor-inner-column elementor-element elementor-element-10717fa\" data-id=\"10717fa\" data-element_type=\"column\" data-e-type=\"column\" data-settings=\"{&quot;background_background&quot;:&quot;classic&quot;}\">\n\t\t\t<div class=\"elementor-widget-wrap elementor-element-populated\">\n\t\t\t\t\t\t<div class=\"elementor-element elementor-element-ebc1b7a elementor-cta--skin-classic elementor-animated-content elementor-widget elementor-widget-call-to-action\" data-id=\"ebc1b7a\" data-element_type=\"widget\" data-e-type=\"widget\" data-widget_type=\"call-to-action.default\">\n\t\t\t\t<div class=\"elementor-widget-container\">\n\t\t\t\t\t\t\t<div class=\"elementor-cta\">\n\t\t\t\t\t<div class=\"elementor-cta__bg-wrapper\">\n\t\t\t\t<div class=\"elementor-cta__bg elementor-bg\" style=\"background-image: url(https:\/\/anasac.com\/wp-content\/uploads\/2024\/07\/colombia-alegres.jpeg);\" role=\"img\" aria-label=\"col\u00f4mbia alegres\"><\/div>\n\t\t\t\t<div class=\"elementor-cta__bg-overlay\"><\/div>\n\t\t\t<\/div>\n\t\t\t\t\t\t\t<div class=\"elementor-cta__content\">\n\t\t\t\t\n\t\t\t\t\t\t\t\t\t<h2 class=\"elementor-cta__title elementor-cta__content-item elementor-content-item\">\n\t\t\t\t\t\tGerenciamento de pessoas\t\t\t\t\t<\/h2>\n\t\t\t\t\n\t\t\t\t\n\t\t\t\t\t\t\t<\/div>\n\t\t\t\t\t\t<\/div>\n\t\t\t\t\t\t<\/div>\n\t\t\t\t<\/div>\n\t\t\t\t<div class=\"elementor-element elementor-element-cfbc704 elementor-widget__width-initial elementor-widget elementor-widget-text-editor\" data-id=\"cfbc704\" data-element_type=\"widget\" data-e-type=\"widget\" data-widget_type=\"text-editor.default\">\n\t\t\t\t<div class=\"elementor-widget-container\">\n\t\t\t\t\t\t\t\t\t<p><strong>Somos uma empresa de 1.300 pessoas com opera\u00e7\u00f5es em 14 pa\u00edses na Am\u00e9rica Latina e na China.<\/strong><\/p><p>Entendemos a gest\u00e3o de pessoas como a integra\u00e7\u00e3o de seis \u00e1reas complementares, cada uma das quais deve ser desenvolvida progressivamente e em paralelo \u00e0s demais:<\/p><ul><li>Cultura e clima organizacional<\/li><li>Comunica\u00e7\u00f5es internas<\/li><li>Desenvolvimento organizacional<\/li><li>Rela\u00e7\u00f5es trabalhistas<\/li><li>Remunera\u00e7\u00e3o e benef\u00edcios<\/li><li>Pol\u00edticas, procedimentos e sistemas<\/li><\/ul>\t\t\t\t\t\t\t\t<\/div>\n\t\t\t\t<\/div>\n\t\t\t\t\t<\/div>\n\t\t<\/div>\n\t\t\t\t<div class=\"elementor-column elementor-col-33 elementor-inner-column elementor-element elementor-element-bc32ee3\" data-id=\"bc32ee3\" data-element_type=\"column\" data-e-type=\"column\" data-settings=\"{&quot;background_background&quot;:&quot;classic&quot;}\">\n\t\t\t<div class=\"elementor-widget-wrap elementor-element-populated\">\n\t\t\t\t\t\t<div class=\"elementor-element elementor-element-b4f455e elementor-cta--valign-top elementor-cta--skin-classic elementor-animated-content elementor-widget elementor-widget-call-to-action\" data-id=\"b4f455e\" data-element_type=\"widget\" data-e-type=\"widget\" data-widget_type=\"call-to-action.default\">\n\t\t\t\t<div class=\"elementor-widget-container\">\n\t\t\t\t\t\t\t<div class=\"elementor-cta\">\n\t\t\t\t\t<div class=\"elementor-cta__bg-wrapper\">\n\t\t\t\t<div class=\"elementor-cta__bg elementor-bg\" style=\"background-image: url(https:\/\/anasac.com\/wp-content\/uploads\/2024\/07\/ambiental-10-scaled-1.jpg);\" role=\"img\" aria-label=\"ambiental 10\"><\/div>\n\t\t\t\t<div class=\"elementor-cta__bg-overlay\"><\/div>\n\t\t\t<\/div>\n\t\t\t\t\t\t\t<div class=\"elementor-cta__content\">\n\t\t\t\t\n\t\t\t\t\t\t\t\t\t<h2 class=\"elementor-cta__title elementor-cta__content-item elementor-content-item\">\n\t\t\t\t\t\tDiversidade e inclus\u00e3o\t\t\t\t\t<\/h2>\n\t\t\t\t\n\t\t\t\t\n\t\t\t\t\t\t\t<\/div>\n\t\t\t\t\t\t<\/div>\n\t\t\t\t\t\t<\/div>\n\t\t\t\t<\/div>\n\t\t\t\t<div class=\"elementor-element elementor-element-ea3d6f8 elementor-widget elementor-widget-text-editor\" data-id=\"ea3d6f8\" data-element_type=\"widget\" data-e-type=\"widget\" data-widget_type=\"text-editor.default\">\n\t\t\t\t<div class=\"elementor-widget-container\">\n\t\t\t\t\t\t\t\t\t<p><strong>Na ANASAC, temos funcion\u00e1rios de 17 nacionalidades.<\/strong><\/p><p>Mantemos uma ampla faixa et\u00e1ria, com 60% de nossos funcion\u00e1rios entre 30 e 50 anos de idade e uma distribui\u00e7\u00e3o equilibrada da equipe nos tr\u00eas segmentos de neg\u00f3cios da empresa.<\/p><p>N\u00f3s nos esfor\u00e7amos para cultivar os valores de respeito e cuidado com as pessoas, sempre guiados pelos princ\u00edpios estabelecidos em nosso C\u00f3digo de \u00c9tica:<\/p><ul><li>Cuidado e respeito<\/li><li>Objetividade<\/li><li>Transpar\u00eancia e integridade<\/li><li>Responsabilidade<\/li><\/ul>\t\t\t\t\t\t\t\t<\/div>\n\t\t\t\t<\/div>\n\t\t\t\t\t<\/div>\n\t\t<\/div>\n\t\t\t\t<div class=\"elementor-column elementor-col-33 elementor-inner-column elementor-element elementor-element-a142a32\" data-id=\"a142a32\" data-element_type=\"column\" data-e-type=\"column\" data-settings=\"{&quot;background_background&quot;:&quot;classic&quot;}\">\n\t\t\t<div class=\"elementor-widget-wrap elementor-element-populated\">\n\t\t\t\t\t\t<div class=\"elementor-element elementor-element-fa1e741 elementor-cta--skin-classic elementor-animated-content elementor-widget elementor-widget-call-to-action\" data-id=\"fa1e741\" data-element_type=\"widget\" data-e-type=\"widget\" data-widget_type=\"call-to-action.default\">\n\t\t\t\t<div class=\"elementor-widget-container\">\n\t\t\t\t\t\t\t<div class=\"elementor-cta\">\n\t\t\t\t\t<div class=\"elementor-cta__bg-wrapper\">\n\t\t\t\t<div class=\"elementor-cta__bg elementor-bg\" style=\"background-image: url(https:\/\/anasac.com\/wp-content\/uploads\/2024\/07\/capacitacion.jpg);\" role=\"img\" aria-label=\"treinamento\"><\/div>\n\t\t\t\t<div class=\"elementor-cta__bg-overlay\"><\/div>\n\t\t\t<\/div>\n\t\t\t\t\t\t\t<div class=\"elementor-cta__content\">\n\t\t\t\t\n\t\t\t\t\t\t\t\t\t<h2 class=\"elementor-cta__title elementor-cta__content-item elementor-content-item\">\n\t\t\t\t\t\tGerenciamento de talentos\t\t\t\t\t<\/h2>\n\t\t\t\t\n\t\t\t\t\n\t\t\t\t\t\t\t<\/div>\n\t\t\t\t\t\t<\/div>\n\t\t\t\t\t\t<\/div>\n\t\t\t\t<\/div>\n\t\t\t\t<div class=\"elementor-element elementor-element-1801589 elementor-widget elementor-widget-text-editor\" data-id=\"1801589\" data-element_type=\"widget\" data-e-type=\"widget\" data-widget_type=\"text-editor.default\">\n\t\t\t\t<div class=\"elementor-widget-container\">\n\t\t\t\t\t\t\t\t\t<p><strong>Apoiamos o crescimento e a sustentabilidade da ANASAC por meio da reten\u00e7\u00e3o e atra\u00e7\u00e3o de talentos.<\/strong><\/p><p>Desenvolvemos equipes, capacitamos a lideran\u00e7a e promovemos um ambiente de trabalho respeitoso que estimula o bem-estar das pessoas.<\/p><p>N\u00f3s nos esfor\u00e7amos para integrar n\u00e3o apenas as compet\u00eancias e habilidades necess\u00e1rias para um bom desempenho, mas tamb\u00e9m para oferecer oportunidades de desenvolvimento de carreira e uma sucess\u00e3o tranquila para cargos mais avan\u00e7ados.<\/p>\t\t\t\t\t\t\t\t<\/div>\n\t\t\t\t<\/div>\n\t\t\t\t\t<\/div>\n\t\t<\/div>\n\t\t\t\t\t<\/div>\n\t\t<\/section>\n\t\t\t\t<section class=\"elementor-section elementor-inner-section elementor-element elementor-element-30f0ab7 elementor-section-full_width elementor-section-height-default elementor-section-height-default\" data-id=\"30f0ab7\" data-element_type=\"section\" data-e-type=\"section\">\n\t\t\t\t\t\t<div class=\"elementor-container elementor-column-gap-no\">\n\t\t\t\t\t<div class=\"elementor-column elementor-col-33 elementor-inner-column elementor-element elementor-element-7530cee\" data-id=\"7530cee\" data-element_type=\"column\" data-e-type=\"column\" data-settings=\"{&quot;background_background&quot;:&quot;classic&quot;}\">\n\t\t\t<div class=\"elementor-widget-wrap elementor-element-populated\">\n\t\t\t\t\t\t<div class=\"elementor-element elementor-element-a551652 elementor-cta--skin-classic elementor-animated-content elementor-widget elementor-widget-call-to-action\" data-id=\"a551652\" data-element_type=\"widget\" data-e-type=\"widget\" data-widget_type=\"call-to-action.default\">\n\t\t\t\t<div class=\"elementor-widget-container\">\n\t\t\t\t\t\t\t<div class=\"elementor-cta\">\n\t\t\t\t\t<div class=\"elementor-cta__bg-wrapper\">\n\t\t\t\t<div class=\"elementor-cta__bg elementor-bg\" style=\"background-image: url(https:\/\/anasac.com\/wp-content\/uploads\/2024\/06\/LMPR-Lampa-2024-14-1-scaled-1.jpg);\" role=\"img\" aria-label=\"LMPR Lampa 2024 (14) 1\"><\/div>\n\t\t\t\t<div class=\"elementor-cta__bg-overlay\"><\/div>\n\t\t\t<\/div>\n\t\t\t\t\t\t\t<div class=\"elementor-cta__content\">\n\t\t\t\t\n\t\t\t\t\t\t\t\t\t<h2 class=\"elementor-cta__title elementor-cta__content-item elementor-content-item\">\n\t\t\t\t\t\tCultura e comunica\u00e7\u00e3o\t\t\t\t\t<\/h2>\n\t\t\t\t\n\t\t\t\t\n\t\t\t\t\t\t\t<\/div>\n\t\t\t\t\t\t<\/div>\n\t\t\t\t\t\t<\/div>\n\t\t\t\t<\/div>\n\t\t\t\t<div class=\"elementor-element elementor-element-970f55d elementor-widget elementor-widget-text-editor\" data-id=\"970f55d\" data-element_type=\"widget\" data-e-type=\"widget\" data-widget_type=\"text-editor.default\">\n\t\t\t\t<div class=\"elementor-widget-container\">\n\t\t\t\t\t\t\t\t\t<p><strong>Promo\u00e7\u00e3o de uma vida profissional e pessoal equilibrada<\/strong><\/p><p>Promovemos um equil\u00edbrio harmonioso entre a vida profissional e pessoal, garantindo um ambiente organizacional positivo e uma alta qualidade de vida pessoal e familiar.<\/p><p>Nossa cultura \u00e9 focada no desempenho eficiente e na excel\u00eancia. Acreditamos em uma comunica\u00e7\u00e3o pr\u00f3xima, alinhada aos nossos valores corporativos e ao nosso prop\u00f3sito de construir um futuro melhor, coerente e consistente.<\/p><p>Para isso, temos uma variedade de canais digitais e presenciais.<\/p>\t\t\t\t\t\t\t\t<\/div>\n\t\t\t\t<\/div>\n\t\t\t\t\t<\/div>\n\t\t<\/div>\n\t\t\t\t<div class=\"elementor-column elementor-col-33 elementor-inner-column elementor-element elementor-element-5f89f9c\" data-id=\"5f89f9c\" data-element_type=\"column\" data-e-type=\"column\" data-settings=\"{&quot;background_background&quot;:&quot;classic&quot;}\">\n\t\t\t<div class=\"elementor-widget-wrap elementor-element-populated\">\n\t\t\t\t\t\t<div class=\"elementor-element elementor-element-e9913db elementor-cta--skin-classic elementor-animated-content elementor-widget elementor-widget-call-to-action\" data-id=\"e9913db\" data-element_type=\"widget\" data-e-type=\"widget\" data-widget_type=\"call-to-action.default\">\n\t\t\t\t<div class=\"elementor-widget-container\">\n\t\t\t\t\t\t\t<div class=\"elementor-cta\">\n\t\t\t\t\t<div class=\"elementor-cta__bg-wrapper\">\n\t\t\t\t<div class=\"elementor-cta__bg elementor-bg\" style=\"background-image: url(https:\/\/anasac.com\/wp-content\/uploads\/2024\/07\/20240306_092522.jpg);\" role=\"img\" aria-label=\"20240306_092522\"><\/div>\n\t\t\t\t<div class=\"elementor-cta__bg-overlay\"><\/div>\n\t\t\t<\/div>\n\t\t\t\t\t\t\t<div class=\"elementor-cta__content\">\n\t\t\t\t\n\t\t\t\t\t\t\t\t\t<h2 class=\"elementor-cta__title elementor-cta__content-item elementor-content-item\">\n\t\t\t\t\t\tHabilidades para o futuro\t\t\t\t\t<\/h2>\n\t\t\t\t\n\t\t\t\t\n\t\t\t\t\t\t\t<\/div>\n\t\t\t\t\t\t<\/div>\n\t\t\t\t\t\t<\/div>\n\t\t\t\t<\/div>\n\t\t\t\t<div class=\"elementor-element elementor-element-621f890 elementor-widget elementor-widget-text-editor\" data-id=\"621f890\" data-element_type=\"widget\" data-e-type=\"widget\" data-widget_type=\"text-editor.default\">\n\t\t\t\t<div class=\"elementor-widget-container\">\n\t\t\t\t\t\t\t\t\t<p><strong>Promovemos o crescimento profissional e a excel\u00eancia na ANASAC<\/strong><\/p><p>N\u00f3s nos esfor\u00e7amos para identificar e manter as habilidades e os conhecimentos existentes, criando um ambiente prop\u00edcio ao aprendizado cont\u00ednuo e ao crescimento profissional de nossos funcion\u00e1rios.<\/p><p>A cada ano, milhares de horas de treinamento em uma ampla gama de t\u00f3picos e \u00e1reas s\u00e3o realizadas na ANASAC.<\/p><p>Entre esses programas, destaca-se o \u201cLeaders, Cultivating Tomorrow\u201d (L\u00edderes, Cultivando o Amanh\u00e3), uma iniciativa equilibrada em termos de g\u00eanero, criada para melhorar o desempenho atual e o desenvolvimento da carreira. Esse programa est\u00e1 em vigor h\u00e1 quatro anos e continua a fortalecer nossa equipe.<\/p>\t\t\t\t\t\t\t\t<\/div>\n\t\t\t\t<\/div>\n\t\t\t\t\t<\/div>\n\t\t<\/div>\n\t\t\t\t<div class=\"elementor-column elementor-col-33 elementor-inner-column elementor-element elementor-element-de43ed6\" data-id=\"de43ed6\" data-element_type=\"column\" data-e-type=\"column\" data-settings=\"{&quot;background_background&quot;:&quot;classic&quot;}\">\n\t\t\t<div class=\"elementor-widget-wrap elementor-element-populated\">\n\t\t\t\t\t\t<div class=\"elementor-element elementor-element-7990a5f elementor-cta--skin-classic elementor-animated-content elementor-widget elementor-widget-call-to-action\" data-id=\"7990a5f\" data-element_type=\"widget\" data-e-type=\"widget\" data-widget_type=\"call-to-action.default\">\n\t\t\t\t<div class=\"elementor-widget-container\">\n\t\t\t\t\t\t\t<div class=\"elementor-cta\">\n\t\t\t\t\t<div class=\"elementor-cta__bg-wrapper\">\n\t\t\t\t<div class=\"elementor-cta__bg elementor-bg\" style=\"background-image: url(https:\/\/anasac.com\/wp-content\/uploads\/2022\/11\/Picture1-2.png);\" role=\"img\" aria-label=\"Figura 1\"><\/div>\n\t\t\t\t<div class=\"elementor-cta__bg-overlay\"><\/div>\n\t\t\t<\/div>\n\t\t\t\t\t\t\t<div class=\"elementor-cta__content\">\n\t\t\t\t\n\t\t\t\t\t\t\t\t\t<h2 class=\"elementor-cta__title elementor-cta__content-item elementor-content-item\">\n\t\t\t\t\t\tSeguran\u00e7a no trabalho\t\t\t\t\t<\/h2>\n\t\t\t\t\n\t\t\t\t\t\t\t\t\t<div class=\"elementor-cta__description elementor-cta__content-item elementor-content-item\">\n\t\t\t\t\t\t\n\t\t\t\t\t<\/div>\n\t\t\t\t\n\t\t\t\t\t\t\t<\/div>\n\t\t\t\t\t\t<\/div>\n\t\t\t\t\t\t<\/div>\n\t\t\t\t<\/div>\n\t\t\t\t<div class=\"elementor-element elementor-element-0d21bad elementor-widget elementor-widget-text-editor\" data-id=\"0d21bad\" data-element_type=\"widget\" data-e-type=\"widget\" data-widget_type=\"text-editor.default\">\n\t\t\t\t<div class=\"elementor-widget-container\">\n\t\t\t\t\t\t\t\t\t<p><strong>Promovemos ativamente o bem-estar f\u00edsico e mental de nossos funcion\u00e1rios, al\u00e9m de prevenir poss\u00edveis riscos \u00e0 sa\u00fade durante nossas opera\u00e7\u00f5es.<\/strong><\/p><p>Nossa meta \u00e9 reduzir a taxa de acidentes dos funcion\u00e1rios a cada ano at\u00e9 atingirmos uma taxa zero de incidentes.<\/p><p>Todas as nossas instala\u00e7\u00f5es industriais contam com uma equipe especializada dedicada exclusivamente \u00e0 preven\u00e7\u00e3o de riscos, garantindo assim um ambiente de trabalho seguro e saud\u00e1vel para todos.<\/p>\t\t\t\t\t\t\t\t<\/div>\n\t\t\t\t<\/div>\n\t\t\t\t\t<\/div>\n\t\t<\/div>\n\t\t\t\t\t<\/div>\n\t\t<\/section>\n\t\t\t\t<section class=\"elementor-section elementor-inner-section elementor-element elementor-element-218ee8c elementor-section-full_width elementor-section-height-default elementor-section-height-default\" data-id=\"218ee8c\" data-element_type=\"section\" data-e-type=\"section\">\n\t\t\t\t\t\t<div class=\"elementor-container elementor-column-gap-no\">\n\t\t\t\t\t<div class=\"elementor-column elementor-col-33 elementor-inner-column elementor-element elementor-element-49b5788\" data-id=\"49b5788\" data-element_type=\"column\" data-e-type=\"column\" data-settings=\"{&quot;background_background&quot;:&quot;classic&quot;}\">\n\t\t\t<div class=\"elementor-widget-wrap elementor-element-populated\">\n\t\t\t\t\t\t<div class=\"elementor-element elementor-element-1cc6916 elementor-cta--skin-classic elementor-animated-content elementor-widget elementor-widget-call-to-action\" data-id=\"1cc6916\" data-element_type=\"widget\" data-e-type=\"widget\" data-widget_type=\"call-to-action.default\">\n\t\t\t\t<div class=\"elementor-widget-container\">\n\t\t\t\t\t\t\t<div class=\"elementor-cta\">\n\t\t\t\t\t<div class=\"elementor-cta__bg-wrapper\">\n\t\t\t\t<div class=\"elementor-cta__bg elementor-bg\" style=\"background-image: url(https:\/\/anasac.com\/wp-content\/uploads\/2022\/11\/IMG_4863-scaled-1.jpg);\" role=\"img\" aria-label=\"IMG_4863\"><\/div>\n\t\t\t\t<div class=\"elementor-cta__bg-overlay\"><\/div>\n\t\t\t<\/div>\n\t\t\t\t\t\t\t<div class=\"elementor-cta__content\">\n\t\t\t\t\n\t\t\t\t\t\t\t\t\t<h2 class=\"elementor-cta__title elementor-cta__content-item elementor-content-item\">\n\t\t\t\t\t\tSubcontrata\u00e7\u00e3o\t\t\t\t\t<\/h2>\n\t\t\t\t\n\t\t\t\t\n\t\t\t\t\t\t\t<\/div>\n\t\t\t\t\t\t<\/div>\n\t\t\t\t\t\t<\/div>\n\t\t\t\t<\/div>\n\t\t\t\t<div class=\"elementor-element elementor-element-3af48dd elementor-widget elementor-widget-text-editor\" data-id=\"3af48dd\" data-element_type=\"widget\" data-e-type=\"widget\" data-widget_type=\"text-editor.default\">\n\t\t\t\t<div class=\"elementor-widget-container\">\n\t\t\t\t\t\t\t\t\t<p><strong>Garantimos a qualidade e a conformidade regulat\u00f3ria na ANASAC<\/strong><\/p><p>Estabelecemos processos rigorosos para garantir a sele\u00e7\u00e3o adequada de fornecedores e a conformidade estrita com os padr\u00f5es legais e de qualidade.<\/p><p>Temos um regulamento detalhado que especifica os procedimentos administrativos, requisitos e obriga\u00e7\u00f5es que os Contratados e Subcontratados devem cumprir durante a execu\u00e7\u00e3o das atividades e servi\u00e7os contratados na ANASAC.<\/p>\t\t\t\t\t\t\t\t<\/div>\n\t\t\t\t<\/div>\n\t\t\t\t\t<\/div>\n\t\t<\/div>\n\t\t\t\t<div class=\"elementor-column elementor-col-33 elementor-inner-column elementor-element elementor-element-c6fbd49\" data-id=\"c6fbd49\" data-element_type=\"column\" data-e-type=\"column\">\n\t\t\t<div class=\"elementor-widget-wrap\">\n\t\t\t\t\t\t\t<\/div>\n\t\t<\/div>\n\t\t\t\t<div class=\"elementor-column elementor-col-33 elementor-inner-column elementor-element elementor-element-bb31972\" data-id=\"bb31972\" data-element_type=\"column\" data-e-type=\"column\">\n\t\t\t<div class=\"elementor-widget-wrap\">\n\t\t\t\t\t\t\t<\/div>\n\t\t<\/div>\n\t\t\t\t\t<\/div>\n\t\t<\/section>\n\t\t\t\t\t<\/div>\n\t\t<\/div>\n\t\t\t\t\t<\/div>\n\t\t<\/section>\n\t\t\t\t<\/div>","protected":false},"excerpt":{"rendered":"<p>Personas Somos m\u00e1s de 1.300 personas, trabajando como un gran equipo y comprometidos con el desarrollo tanto del agro como de las diversas industrias en que participamos. Gesti\u00f3n De Personas Somos una empresa formada por 1.300 personas con operaciones en 14 pa\u00edses de Am\u00e9rica Latina y China. Entendemos la gesti\u00f3n de personas como la integraci\u00f3n [&hellip;]<\/p>\n","protected":false},"author":1,"featured_media":0,"parent":0,"menu_order":0,"comment_status":"closed","ping_status":"closed","template":"","meta":{"footnotes":""},"class_list":["post-8251","page","type-page","status-publish","hentry"],"_links":{"self":[{"href":"https:\/\/anasac.com\/pt\/wp-json\/wp\/v2\/pages\/8251","targetHints":{"allow":["GET"]}}],"collection":[{"href":"https:\/\/anasac.com\/pt\/wp-json\/wp\/v2\/pages"}],"about":[{"href":"https:\/\/anasac.com\/pt\/wp-json\/wp\/v2\/types\/page"}],"author":[{"embeddable":true,"href":"https:\/\/anasac.com\/pt\/wp-json\/wp\/v2\/users\/1"}],"replies":[{"embeddable":true,"href":"https:\/\/anasac.com\/pt\/wp-json\/wp\/v2\/comments?post=8251"}],"version-history":[{"count":19,"href":"https:\/\/anasac.com\/pt\/wp-json\/wp\/v2\/pages\/8251\/revisions"}],"predecessor-version":[{"id":11066,"href":"https:\/\/anasac.com\/pt\/wp-json\/wp\/v2\/pages\/8251\/revisions\/11066"}],"wp:attachment":[{"href":"https:\/\/anasac.com\/pt\/wp-json\/wp\/v2\/media?parent=8251"}],"curies":[{"name":"wp","href":"https:\/\/api.w.org\/{rel}","templated":true}]}}