{"id":22,"date":"2025-07-07T15:56:45","date_gmt":"2025-07-07T19:56:45","guid":{"rendered":"https:\/\/testprueba.pro\/anasac-com\/internacional\/?page_id=22"},"modified":"2026-03-06T09:38:41","modified_gmt":"2026-03-06T12:38:41","slug":"search-results","status":"publish","type":"page","link":"https:\/\/anasac.com\/internacional\/en\/","title":{"rendered":"Home"},"content":{"rendered":"<div data-elementor-type=\"wp-page\" data-elementor-id=\"22\" class=\"elementor elementor-22\" data-elementor-post-type=\"page\">\n\t\t\t\t<div class=\"elementor-element elementor-element-69e58eb e-con-full e-flex e-con e-parent\" data-id=\"69e58eb\" data-element_type=\"container\" data-e-type=\"container\" data-settings=\"{&quot;background_background&quot;:&quot;classic&quot;}\">\n\t\t<div class=\"elementor-element elementor-element-9ca07b5 e-flex e-con-boxed e-con e-child\" data-id=\"9ca07b5\" data-element_type=\"container\" data-e-type=\"container\" data-settings=\"{&quot;background_background&quot;:&quot;classic&quot;}\">\n\t\t\t\t\t<div class=\"e-con-inner\">\n\t\t\t\t<div class=\"elementor-element elementor-element-d4480c0 elementor-widget__width-initial elementor-widget elementor-widget-heading\" data-id=\"d4480c0\" data-element_type=\"widget\" data-e-type=\"widget\" data-widget_type=\"heading.default\">\n\t\t\t\t\t<h1 class=\"elementor-heading-title elementor-size-default\">GLOBAL PRESENCE<\/h1>\t\t\t\t<\/div>\n\t\t\t\t\t<\/div>\n\t\t\t\t<\/div>\n\t\t\t\t<\/div>\n\t\t<div class=\"elementor-element elementor-element-26a1ab5 e-flex e-con-boxed e-con e-parent\" data-id=\"26a1ab5\" data-element_type=\"container\" data-e-type=\"container\" data-settings=\"{&quot;background_background&quot;:&quot;classic&quot;}\">\n\t\t\t\t\t<div class=\"e-con-inner\">\n\t\t\t\t<div class=\"elementor-element elementor-element-59c84ce elementor-widget elementor-widget-text-editor\" data-id=\"59c84ce\" data-element_type=\"widget\" data-e-type=\"widget\" data-widget_type=\"text-editor.default\">\n\t\t\t\t\t\t\t\t\t<p>Anasac is a Chilean company with 75 years of experience serving the agricultural industry. Today, we are an international company, partnering with our clients to deliver valuable solutions across every industry in which we operate.<\/p>\t\t\t\t\t\t\t\t<\/div>\n\t\t\t\t\t<\/div>\n\t\t\t\t<\/div>\n\t\t<div class=\"elementor-element elementor-element-9b89176 e-flex e-con-boxed e-con e-parent\" data-id=\"9b89176\" data-element_type=\"container\" data-e-type=\"container\">\n\t\t\t\t\t<div class=\"e-con-inner\">\n\t\t\t\t<div class=\"elementor-element elementor-element-c768a78 elementor-widget elementor-widget-image\" data-id=\"c768a78\" data-element_type=\"widget\" data-e-type=\"widget\" data-widget_type=\"image.default\">\n\t\t\t\t\t\t\t\t\t\t\t\t\t\t\t<img loading=\"lazy\" decoding=\"async\" width=\"1030\" height=\"634\" src=\"https:\/\/anasac.com\/internacional\/wp-content\/uploads\/2025\/07\/Mapa-Anasac.webp\" class=\"attachment-full size-full wp-image-121\" alt=\"\" srcset=\"https:\/\/anasac.com\/internacional\/wp-content\/uploads\/2025\/07\/Mapa-Anasac.webp 1030w, https:\/\/anasac.com\/internacional\/wp-content\/uploads\/2025\/07\/Mapa-Anasac-768x473.webp 768w\" sizes=\"auto, (max-width: 1030px) 100vw, 1030px\" title=\"\">\t\t\t\t\t\t\t\t\t\t\t\t\t\t\t<\/div>\n\t\t\t\t<div class=\"elementor-element elementor-element-ec5bd3d elementor-widget elementor-widget-text-editor\" data-id=\"ec5bd3d\" data-element_type=\"widget\" data-e-type=\"widget\" data-widget_type=\"text-editor.default\">\n\t\t\t\t\t\t\t\t\t<p>In constant growth, Anasac is committed to developing new products and services to meet the demands of highly competitive international markets, tailoring solutions to the local needs of each region.<\/p><p>\u00a0<\/p><p>The company has a strong presence in Latin America through its subsidiary, Anasac International Corporation, operating in more than 14 countries. Anasac International is dedicated to developing, producing, and marketing products for Crop Protection and Plant Care.<\/p>\t\t\t\t\t\t\t\t<\/div>\n\t\t\t\t\t<\/div>\n\t\t\t\t<\/div>\n\t\t<div class=\"elementor-element elementor-element-6ff37db e-flex e-con-boxed e-con e-parent\" data-id=\"6ff37db\" data-element_type=\"container\" data-e-type=\"container\" data-settings=\"{&quot;background_background&quot;:&quot;classic&quot;}\">\n\t\t\t\t\t<div class=\"e-con-inner\">\n\t\t<div class=\"elementor-element elementor-element-d59025f e-con-full e-flex e-con e-child\" data-id=\"d59025f\" data-element_type=\"container\" data-e-type=\"container\">\n\t\t\t\t<div class=\"elementor-element elementor-element-ee7b88e elementor-widget-divider--view-line_text elementor-widget-divider--element-align-left elementor-widget elementor-widget-divider\" data-id=\"ee7b88e\" data-element_type=\"widget\" data-e-type=\"widget\" data-widget_type=\"divider.default\">\n\t\t\t\t\t\t\t<div class=\"elementor-divider\">\n\t\t\t<span class=\"elementor-divider-separator\">\n\t\t\t\t\t\t\t<h2 class=\"elementor-divider__text elementor-divider__element\">\n\t\t\t\tCrop Protection\t\t\t\t<\/h2>\n\t\t\t\t\t\t<\/span>\n\t\t<\/div>\n\t\t\t\t\t\t<\/div>\n\t\t\t\t<div class=\"elementor-element elementor-element-c262597 elementor-widget elementor-widget-text-editor\" data-id=\"c262597\" data-element_type=\"widget\" data-e-type=\"widget\" data-widget_type=\"text-editor.default\">\n\t\t\t\t\t\t\t\t\tWe provide comprehensive, high-quality solutions for modern, intensive, and long-term sustainable agriculture. Our products and services include insecticides, acaricides, fungicides, herbicides, and growth regulators, designed to prevent and control pests, diseases, and weeds.\t\t\t\t\t\t\t\t<\/div>\n\t\t\t\t<\/div>\n\t\t<div class=\"elementor-element elementor-element-ff9cf5f e-con-full e-flex e-con e-child\" data-id=\"ff9cf5f\" data-element_type=\"container\" data-e-type=\"container\">\n\t\t\t\t<div class=\"elementor-element elementor-element-3d7983a elementor-widget-divider--view-line_text elementor-widget-divider--element-align-left elementor-widget elementor-widget-divider\" data-id=\"3d7983a\" data-element_type=\"widget\" data-e-type=\"widget\" data-widget_type=\"divider.default\">\n\t\t\t\t\t\t\t<div class=\"elementor-divider\">\n\t\t\t<span class=\"elementor-divider-separator\">\n\t\t\t\t\t\t\t<h2 class=\"elementor-divider__text elementor-divider__element\">\n\t\t\t\tPlant Care\t\t\t\t<\/h2>\n\t\t\t\t\t\t<\/span>\n\t\t<\/div>\n\t\t\t\t\t\t<\/div>\n\t\t\t\t<div class=\"elementor-element elementor-element-e38a801 elementor-widget elementor-widget-text-editor\" data-id=\"e38a801\" data-element_type=\"widget\" data-e-type=\"widget\" data-widget_type=\"text-editor.default\">\n\t\t\t\t\t\t\t\t\t<p>We offer products that maintain and improve plant nutrition, enabling them to reach their maximum productive potential. This contributes to highly productive and profitable agriculture. Our product and service portfolio includes foliar fertilizers, biostimulants, and sun protectants, among others.<\/p><p>Anasac operates three production plants located in Santiago, Chile; Argentina; and China. All our facilities are equipped with quality control laboratories and standardized processes that ensure production integrity and product excellence. Through our network of specialized distributors across Latin America, we meet the highest quality standards and market requirements in every country we serve.<\/p>\t\t\t\t\t\t\t\t<\/div>\n\t\t\t\t<\/div>\n\t\t<div class=\"elementor-element elementor-element-6b9daf0 e-con-full e-flex e-con e-child\" data-id=\"6b9daf0\" data-element_type=\"container\" data-e-type=\"container\">\n\t\t\t\t<div class=\"elementor-element elementor-element-f01b81b elementor-widget-divider--view-line_text elementor-widget-divider--element-align-left elementor-widget elementor-widget-divider\" data-id=\"f01b81b\" data-element_type=\"widget\" data-e-type=\"widget\" data-widget_type=\"divider.default\">\n\t\t\t\t\t\t\t<div class=\"elementor-divider\">\n\t\t\t<span class=\"elementor-divider-separator\">\n\t\t\t\t\t\t\t<h2 class=\"elementor-divider__text elementor-divider__element\">\n\t\t\t\tProduction Centers\t\t\t\t<\/h2>\n\t\t\t\t\t\t<\/span>\n\t\t<\/div>\n\t\t\t\t\t\t<\/div>\n\t\t\t\t<div class=\"elementor-element elementor-element-eb80761 elementor-widget elementor-widget-text-editor\" data-id=\"eb80761\" data-element_type=\"widget\" data-e-type=\"widget\" data-widget_type=\"text-editor.default\">\n\t\t\t\t\t\t\t\t\t<p>We operate eight production plants and facilities strategically located in different countries, enabling us to deliver a wide range of solutions to diverse markets and regions. Our goal is to provide products that enhance people\u2019s quality of life, their immediate environment, and overall well-being.<\/p>\t\t\t\t\t\t\t\t<\/div>\n\t\t\t\t<\/div>\n\t\t<div class=\"elementor-element elementor-element-c4f92e3 e-con-full e-flex e-con e-child\" data-id=\"c4f92e3\" data-element_type=\"container\" data-e-type=\"container\">\n\t\t\t\t<div class=\"elementor-element elementor-element-48b37ac elementor-align-justify elementor-widget elementor-widget-button\" data-id=\"48b37ac\" data-element_type=\"widget\" data-e-type=\"widget\" data-widget_type=\"button.default\">\n\t\t\t\t\t\t\t\t\t\t<a class=\"elementor-button elementor-button-link elementor-size-sm elementor-animation-grow\" href=\"https:\/\/anasac.com\/internacional\/en\/centros-produccion\/\">\n\t\t\t\t\t\t<span class=\"elementor-button-content-wrapper\">\n\t\t\t\t\t\t\t\t\t<span class=\"elementor-button-text\">Learn more about our plants<\/span>\n\t\t\t\t\t<\/span>\n\t\t\t\t\t<\/a>\n\t\t\t\t\t\t\t\t<\/div>\n\t\t\t\t<\/div>\n\t\t<div class=\"elementor-element elementor-element-b101b9f e-con-full e-flex e-con e-child\" data-id=\"b101b9f\" data-element_type=\"container\" data-e-type=\"container\">\n\t\t<div class=\"elementor-element elementor-element-08b4599 e-grid e-con-full e-con e-child\" data-id=\"08b4599\" data-element_type=\"container\" data-e-type=\"container\">\n\t\t<div class=\"elementor-element elementor-element-6cbb33a e-con-full e-flex e-con e-child\" data-id=\"6cbb33a\" data-element_type=\"container\" data-e-type=\"container\" data-settings=\"{&quot;background_background&quot;:&quot;classic&quot;}\">\n\t\t\t\t<div class=\"elementor-element elementor-element-eb1e67e elementor-widget elementor-widget-image\" data-id=\"eb1e67e\" data-element_type=\"widget\" data-e-type=\"widget\" data-widget_type=\"image.default\">\n\t\t\t\t\t\t\t\t\t\t\t\t\t\t\t<img loading=\"lazy\" decoding=\"async\" width=\"705\" height=\"529\" src=\"https:\/\/anasac.com\/internacional\/wp-content\/uploads\/2025\/07\/Planta-Anasac-Lampa.webp\" class=\"attachment-full size-full wp-image-139\" alt=\"\" title=\"\">\t\t\t\t\t\t\t\t\t\t\t\t\t\t\t<\/div>\n\t\t\t\t<div class=\"elementor-element elementor-element-7c78460 elementor-widget elementor-widget-heading\" data-id=\"7c78460\" data-element_type=\"widget\" data-e-type=\"widget\" data-widget_type=\"heading.default\">\n\t\t\t\t\t<h3 class=\"elementor-heading-title elementor-size-default\">Lampa, Chile<\/h3>\t\t\t\t<\/div>\n\t\t\t\t<div class=\"elementor-element elementor-element-6364227 elementor-widget elementor-widget-heading\" data-id=\"6364227\" data-element_type=\"widget\" data-e-type=\"widget\" data-widget_type=\"heading.default\">\n\t\t\t\t\t<p class=\"elementor-heading-title elementor-size-default\">Crop Protection Plant, dedicated to the formulation and packaging of products for the agricultural and domestic sectors.<\/p>\t\t\t\t<\/div>\n\t\t\t\t<\/div>\n\t\t<div class=\"elementor-element elementor-element-98b93a2 e-con-full e-flex e-con e-child\" data-id=\"98b93a2\" data-element_type=\"container\" data-e-type=\"container\" data-settings=\"{&quot;background_background&quot;:&quot;classic&quot;}\">\n\t\t\t\t<div class=\"elementor-element elementor-element-eb0eaef elementor-widget elementor-widget-image\" data-id=\"eb0eaef\" data-element_type=\"widget\" data-e-type=\"widget\" data-widget_type=\"image.default\">\n\t\t\t\t\t\t\t\t\t\t\t\t\t\t\t<img loading=\"lazy\" decoding=\"async\" width=\"705\" height=\"529\" src=\"https:\/\/anasac.com\/internacional\/wp-content\/uploads\/2025\/07\/Planta-Anasac-Melchor-Romero.webp\" class=\"attachment-full size-full wp-image-141\" alt=\"\" title=\"\">\t\t\t\t\t\t\t\t\t\t\t\t\t\t\t<\/div>\n\t\t\t\t<div class=\"elementor-element elementor-element-2cfbe2b elementor-widget elementor-widget-heading\" data-id=\"2cfbe2b\" data-element_type=\"widget\" data-e-type=\"widget\" data-widget_type=\"heading.default\">\n\t\t\t\t\t<h3 class=\"elementor-heading-title elementor-size-default\">Melchor Romero, Argentina<\/h3>\t\t\t\t<\/div>\n\t\t\t\t<div class=\"elementor-element elementor-element-b09782e elementor-widget elementor-widget-heading\" data-id=\"b09782e\" data-element_type=\"widget\" data-e-type=\"widget\" data-widget_type=\"heading.default\">\n\t\t\t\t\t<p class=\"elementor-heading-title elementor-size-default\">Phytosanitary Plant, dedicated to the formulation and packaging of products for the agricultural, industrial, and finished gardening and green area care sectors.<\/p>\t\t\t\t<\/div>\n\t\t\t\t<\/div>\n\t\t<div class=\"elementor-element elementor-element-e9964dd e-con-full e-flex e-con e-child\" data-id=\"e9964dd\" data-element_type=\"container\" data-e-type=\"container\" data-settings=\"{&quot;background_background&quot;:&quot;classic&quot;}\">\n\t\t\t\t<div class=\"elementor-element elementor-element-3ef9bcc elementor-widget elementor-widget-image\" data-id=\"3ef9bcc\" data-element_type=\"widget\" data-e-type=\"widget\" data-widget_type=\"image.default\">\n\t\t\t\t\t\t\t\t\t\t\t\t\t\t\t<img loading=\"lazy\" decoding=\"async\" width=\"705\" height=\"529\" src=\"https:\/\/anasac.com\/internacional\/wp-content\/uploads\/2025\/07\/Planta-Anasac-Longyou.webp\" class=\"attachment-full size-full wp-image-140\" alt=\"\" title=\"\">\t\t\t\t\t\t\t\t\t\t\t\t\t\t\t<\/div>\n\t\t\t\t<div class=\"elementor-element elementor-element-875e56a elementor-widget elementor-widget-heading\" data-id=\"875e56a\" data-element_type=\"widget\" data-e-type=\"widget\" data-widget_type=\"heading.default\">\n\t\t\t\t\t<h3 class=\"elementor-heading-title elementor-size-default\">Longyou, China<\/h3>\t\t\t\t<\/div>\n\t\t\t\t<div class=\"elementor-element elementor-element-d32824d elementor-widget elementor-widget-heading\" data-id=\"d32824d\" data-element_type=\"widget\" data-e-type=\"widget\" data-widget_type=\"heading.default\">\n\t\t\t\t\t<p class=\"elementor-heading-title elementor-size-default\">Crop Protection Plant, dedicated to the formulation and packaging of products.<\/p>\t\t\t\t<\/div>\n\t\t\t\t<\/div>\n\t\t\t\t<\/div>\n\t\t\t\t<\/div>\n\t\t\t\t\t<\/div>\n\t\t\t\t<\/div>\n\t\t\t\t<\/div>","protected":false},"excerpt":{"rendered":"<p>Presencia Global Anasac es una empresa chilena con 75 a\u00f1os al servicio de la agricultura. Hoy somos una compa\u00f1\u00eda con presencia internacional, acompa\u00f1ando a nuestros clientes a dar soluciones con valor en cada una de las industrias donde estamos presentes. En constante desarrollo, Anasac se dedica a la creaci\u00f3n de nuevos productos y servicios para [&hellip;]<\/p>\n","protected":false},"author":1,"featured_media":0,"parent":0,"menu_order":0,"comment_status":"closed","ping_status":"closed","template":"","meta":{"footnotes":""},"class_list":["post-22","page","type-page","status-publish","hentry"],"_links":{"self":[{"href":"https:\/\/anasac.com\/internacional\/en\/wp-json\/wp\/v2\/pages\/22","targetHints":{"allow":["GET"]}}],"collection":[{"href":"https:\/\/anasac.com\/internacional\/en\/wp-json\/wp\/v2\/pages"}],"about":[{"href":"https:\/\/anasac.com\/internacional\/en\/wp-json\/wp\/v2\/types\/page"}],"author":[{"embeddable":true,"href":"https:\/\/anasac.com\/internacional\/en\/wp-json\/wp\/v2\/users\/1"}],"replies":[{"embeddable":true,"href":"https:\/\/anasac.com\/internacional\/en\/wp-json\/wp\/v2\/comments?post=22"}],"version-history":[{"count":100,"href":"https:\/\/anasac.com\/internacional\/en\/wp-json\/wp\/v2\/pages\/22\/revisions"}],"predecessor-version":[{"id":2552,"href":"https:\/\/anasac.com\/internacional\/en\/wp-json\/wp\/v2\/pages\/22\/revisions\/2552"}],"wp:attachment":[{"href":"https:\/\/anasac.com\/internacional\/en\/wp-json\/wp\/v2\/media?parent=22"}],"curies":[{"name":"wp","href":"https:\/\/api.w.org\/{rel}","templated":true}]}}