{"id":9111,"date":"2025-08-19T12:55:42","date_gmt":"2025-08-19T16:55:42","guid":{"rendered":"https:\/\/anasac.com\/?page_id=9111"},"modified":"2025-08-19T15:45:14","modified_gmt":"2025-08-19T19:45:14","slug":"incubadora-socio-productiva","status":"publish","type":"page","link":"https:\/\/anasac.com\/es\/incubadora-socio-productiva\/","title":{"rendered":"Incubadora Socio Productiva"},"content":{"rendered":"\t\t<div data-elementor-type=\"wp-page\" data-elementor-id=\"9111\" class=\"elementor elementor-9111\" data-elementor-post-type=\"page\">\n\t\t\t\t\t\t<section class=\"elementor-section elementor-top-section elementor-element elementor-element-f9f8950 elementor-section-boxed elementor-section-height-default elementor-section-height-default\" data-id=\"f9f8950\" data-element_type=\"section\" data-e-type=\"section\" data-settings=\"{&quot;background_background&quot;:&quot;gradient&quot;}\">\n\t\t\t\t\t\t\t<div class=\"elementor-background-overlay\"><\/div>\n\t\t\t\t\t\t\t<div class=\"elementor-container elementor-column-gap-default\">\n\t\t\t\t\t<div class=\"elementor-column elementor-col-100 elementor-top-column elementor-element elementor-element-7ffda5b\" data-id=\"7ffda5b\" data-element_type=\"column\" data-e-type=\"column\">\n\t\t\t<div class=\"elementor-widget-wrap elementor-element-populated\">\n\t\t\t\t\t\t<div class=\"elementor-element elementor-element-8eb38c1 elementor-widget-divider--view-line_text elementor-widget-divider--element-align-left elementor-widget elementor-widget-divider\" data-id=\"8eb38c1\" data-element_type=\"widget\" data-e-type=\"widget\" data-widget_type=\"divider.default\">\n\t\t\t\t<div class=\"elementor-widget-container\">\n\t\t\t\t\t\t\t<div class=\"elementor-divider\">\n\t\t\t<span class=\"elementor-divider-separator\">\n\t\t\t\t\t\t\t<h2 class=\"elementor-divider__text elementor-divider__element\">\n\t\t\t\tIncubadora Socio productiva\t\t\t\t<\/h2>\n\t\t\t\t\t\t<\/span>\n\t\t<\/div>\n\t\t\t\t\t\t<\/div>\n\t\t\t\t<\/div>\n\t\t\t\t<div class=\"elementor-element elementor-element-47db596 elementor-widget elementor-widget-text-editor\" data-id=\"47db596\" data-element_type=\"widget\" data-e-type=\"widget\" data-widget_type=\"text-editor.default\">\n\t\t\t\t<div class=\"elementor-widget-container\">\n\t\t\t\t\t\t\t\t\t<p data-start=\"429\" data-end=\"838\">En Anasac creemos que el desarrollo del mundo rural no se logra solo con insumos y tecnolog\u00eda, sino tambi\u00e9n con <strong data-start=\"547\" data-end=\"618\">oportunidades reales de formaci\u00f3n, asociatividad y comercializaci\u00f3n<\/strong>. Por eso hemos desarrollado la <strong data-start=\"650\" data-end=\"681\">Incubadora Socio Productiva<\/strong>, un modelo integral de apoyo a peque\u00f1os productores agropecuarios que transforma emprendimientos informales en <strong data-start=\"793\" data-end=\"837\">microempresas competitivas y sostenibles<\/strong>.<\/p><p data-start=\"840\" data-end=\"1064\">Este programa es una de las iniciativas m\u00e1s transformadoras de nuestra Estrategia de Sostenibilidad, y ha demostrado un impacto directo en la <strong data-start=\"982\" data-end=\"1063\">mejora de ingresos, autonom\u00eda econ\u00f3mica y calidad de vida de familias rurales<\/strong>.<\/p>\t\t\t\t\t\t\t\t<\/div>\n\t\t\t\t<\/div>\n\t\t\t\t\t<\/div>\n\t\t<\/div>\n\t\t\t\t\t<\/div>\n\t\t<\/section>\n\t\t\t\t<section class=\"elementor-section elementor-top-section elementor-element elementor-element-21a2cef elementor-section-boxed elementor-section-height-default elementor-section-height-default\" data-id=\"21a2cef\" data-element_type=\"section\" data-e-type=\"section\" data-settings=\"{&quot;background_background&quot;:&quot;classic&quot;}\">\n\t\t\t\t\t\t<div class=\"elementor-container elementor-column-gap-default\">\n\t\t\t\t\t<div class=\"elementor-column elementor-col-100 elementor-top-column elementor-element elementor-element-16dcc6b\" data-id=\"16dcc6b\" data-element_type=\"column\" data-e-type=\"column\">\n\t\t\t<div class=\"elementor-widget-wrap elementor-element-populated\">\n\t\t\t\t\t\t<div class=\"elementor-element elementor-element-79e94ca elementor-widget elementor-widget-text-editor\" data-id=\"79e94ca\" data-element_type=\"widget\" data-e-type=\"widget\" data-widget_type=\"text-editor.default\">\n\t\t\t\t<div class=\"elementor-widget-container\">\n\t\t\t\t\t\t\t\t\t<h2 data-start=\"1066\" data-end=\"1100\">\u00bfEn qu\u00e9 consiste la Incubadora?<\/h2><p data-start=\"1102\" data-end=\"1218\">La Incubadora Socio Productiva funciona en etapas sucesivas, con acompa\u00f1amiento t\u00e9cnico y humano en todo el proceso:<\/p><ol><li data-start=\"1223\" data-end=\"1369\"><strong data-start=\"1223\" data-end=\"1249\">Conformaci\u00f3n de grupos<\/strong> de peque\u00f1os productores con experiencia o inter\u00e9s en un rubro espec\u00edfico (hortalizas, frutales, ovinos, entre otros).<\/li><li data-start=\"1373\" data-end=\"1487\"><strong data-start=\"1373\" data-end=\"1407\">Asesor\u00eda t\u00e9cnica especializada<\/strong> para fortalecer conocimientos productivos, sanitarios y de manejo agron\u00f3mico.<\/li><li data-start=\"1491\" data-end=\"1629\"><strong data-start=\"1491\" data-end=\"1531\">Formaci\u00f3n comercial y comunicacional<\/strong>, orientada a mejorar habilidades en marketing, ventas, negociaci\u00f3n y presentaci\u00f3n de proyectos.<\/li><li data-start=\"1633\" data-end=\"1797\"><strong data-start=\"1633\" data-end=\"1663\">Asociatividad estructurada<\/strong>, mediante la creaci\u00f3n de cooperativas u organizaciones productivas que les permitan acceder a econom\u00edas de escala y financiamiento.<\/li><li data-start=\"1798\" data-end=\"1933\"><p data-start=\"1801\" data-end=\"1933\"><strong data-start=\"1801\" data-end=\"1854\">Inserci\u00f3n en canales de comercializaci\u00f3n formales<\/strong>, con el respaldo y acompa\u00f1amiento de Anasac Chile y sus redes de distribuci\u00f3n.<\/p><\/li><\/ol><p data-start=\"1935\" data-end=\"2078\">Este proceso genera una <strong data-start=\"1959\" data-end=\"2044\">transformaci\u00f3n profunda en las capacidades, autoestima y sostenibilidad econ\u00f3mica<\/strong> de los productores participantes.<\/p><h2 data-start=\"2080\" data-end=\"2109\">Resultados Transformadores<\/h2><p data-start=\"2111\" data-end=\"2361\">La Incubadora Socio Productiva ha sido implementada con <strong data-start=\"2167\" data-end=\"2210\">gran \u00e9xito en la Regi\u00f3n de La Araucan\u00eda<\/strong>, donde ha contribuido a mejorar significativamente los ingresos, las condiciones de vida y las oportunidades de desarrollo de muchas familias rurales.<\/p><p data-start=\"2363\" data-end=\"2576\">Gracias a esta experiencia, hoy <strong data-start=\"2395\" data-end=\"2443\">buscamos ampliar el modelo a nuevas regiones<\/strong>, estableciendo alianzas con actores locales, organismos p\u00fablicos y organizaciones de la sociedad civil que compartan nuestra visi\u00f3n.<\/p><h2 data-start=\"2578\" data-end=\"2613\">Un Modelo Replicable y Escalable<\/h2><p data-start=\"2615\" data-end=\"3017\">Lo que hace \u00fanico a este programa es su <strong data-start=\"2655\" data-end=\"2688\">enfoque integral y replicable<\/strong>. No se trata solo de entregar herramientas t\u00e9cnicas, sino de acompa\u00f1ar a los productores en su crecimiento como personas, como l\u00edderes comunitarios y como emprendedores. En Anasac estamos comprometidos a <strong data-start=\"2899\" data-end=\"2942\">multiplicar este modelo en todo el pa\u00eds<\/strong>, adapt\u00e1ndolo a las realidades productivas y culturales de cada territorio.<\/p>\t\t\t\t\t\t\t\t<\/div>\n\t\t\t\t<\/div>\n\t\t\t\t\t<\/div>\n\t\t<\/div>\n\t\t\t\t\t<\/div>\n\t\t<\/section>\n\t\t<div class=\"elementor-element elementor-element-4d3fb87 e-flex e-con-boxed e-con e-parent\" data-id=\"4d3fb87\" data-element_type=\"container\" data-e-type=\"container\">\n\t\t\t\t\t<div class=\"e-con-inner\">\n\t\t\t\t<div class=\"elementor-element elementor-element-23b641d elementor-widget elementor-widget-heading\" data-id=\"23b641d\" data-element_type=\"widget\" data-e-type=\"widget\" data-widget_type=\"heading.default\">\n\t\t\t\t<div class=\"elementor-widget-container\">\n\t\t\t\t\t<h2 class=\"elementor-heading-title elementor-size-default\">Casos de \u00e9xitos<\/h2>\t\t\t\t<\/div>\n\t\t\t\t<\/div>\n\t\t\t\t\t<\/div>\n\t\t\t\t<\/div>\n\t\t<div class=\"elementor-element elementor-element-88c453e e-flex e-con-boxed e-con e-parent\" data-id=\"88c453e\" data-element_type=\"container\" data-e-type=\"container\">\n\t\t\t\t\t<div class=\"e-con-inner\">\n\t\t\t\t<div class=\"elementor-element elementor-element-7faa543 elementor-widget elementor-widget-image\" data-id=\"7faa543\" data-element_type=\"widget\" data-e-type=\"widget\" data-widget_type=\"image.default\">\n\t\t\t\t<div class=\"elementor-widget-container\">\n\t\t\t\t\t\t\t\t\t\t\t\t\t\t\t<img loading=\"lazy\" decoding=\"async\" width=\"800\" height=\"258\" src=\"https:\/\/anasac.com\/wp-content\/uploads\/2025\/08\/Logos-Antumalen-03-2560x824.png\" class=\"attachment-large size-large wp-image-11240\" alt=\"\" srcset=\"https:\/\/anasac.com\/wp-content\/uploads\/2025\/08\/Logos-Antumalen-03-2560x824.png 2560w, https:\/\/anasac.com\/wp-content\/uploads\/2025\/08\/Logos-Antumalen-03-1500x483.png 1500w, https:\/\/anasac.com\/wp-content\/uploads\/2025\/08\/Logos-Antumalen-03-768x247.png 768w, https:\/\/anasac.com\/wp-content\/uploads\/2025\/08\/Logos-Antumalen-03-1536x494.png 1536w, https:\/\/anasac.com\/wp-content\/uploads\/2025\/08\/Logos-Antumalen-03-2048x659.png 2048w, https:\/\/anasac.com\/wp-content\/uploads\/2025\/08\/Logos-Antumalen-03-18x6.png 18w\" sizes=\"auto, (max-width: 800px) 100vw, 800px\" title=\"\">\t\t\t\t\t\t\t\t\t\t\t\t\t\t\t<\/div>\n\t\t\t\t<\/div>\n\t\t\t\t\t<\/div>\n\t\t\t\t<\/div>\n\t\t<div class=\"elementor-element elementor-element-68c819c e-flex e-con-boxed e-con e-parent\" data-id=\"68c819c\" data-element_type=\"container\" data-e-type=\"container\">\n\t\t\t\t\t<div class=\"e-con-inner\">\n\t\t\t\t<div class=\"elementor-element elementor-element-1dd50c0 elementor-widget elementor-widget-spacer\" data-id=\"1dd50c0\" data-element_type=\"widget\" data-e-type=\"widget\" data-widget_type=\"spacer.default\">\n\t\t\t\t<div class=\"elementor-widget-container\">\n\t\t\t\t\t\t\t<div class=\"elementor-spacer\">\n\t\t\t<div class=\"elementor-spacer-inner\"><\/div>\n\t\t<\/div>\n\t\t\t\t\t\t<\/div>\n\t\t\t\t<\/div>\n\t\t\t\t\t<\/div>\n\t\t\t\t<\/div>\n\t\t<div class=\"elementor-element elementor-element-14755d6 e-flex e-con-boxed e-con e-parent\" data-id=\"14755d6\" data-element_type=\"container\" data-e-type=\"container\">\n\t\t\t\t\t<div class=\"e-con-inner\">\n\t\t\t\t<div class=\"elementor-element elementor-element-a21ccd9 elementor-widget__width-initial elementor-widget elementor-widget-video\" data-id=\"a21ccd9\" data-element_type=\"widget\" data-e-type=\"widget\" data-settings=\"{&quot;video_type&quot;:&quot;hosted&quot;,&quot;controls&quot;:&quot;yes&quot;}\" data-widget_type=\"video.default\">\n\t\t\t\t<div class=\"elementor-widget-container\">\n\t\t\t\t\t\t\t<div class=\"e-hosted-video elementor-wrapper elementor-open-inline\">\n\t\t\t\t\t<video class=\"elementor-video\" src=\"https:\/\/anasac.com\/wp-content\/uploads\/2025\/08\/AQMQgJMQeYiy599VQQb87g1fDrk-aow5vW8wVInKbkVHltlaJGYaipjmaUC5JmHQz6KQMvNPo7xKueqxP8kR5nfp.mp4\" controls=\"\" preload=\"metadata\" controlsList=\"nodownload\"><\/video>\n\t\t\t\t<\/div>\n\t\t\t\t\t\t<\/div>\n\t\t\t\t<\/div>\n\t\t\t\t\t<\/div>\n\t\t\t\t<\/div>\n\t\t<div class=\"elementor-element elementor-element-30219b4 e-flex e-con-boxed e-con e-parent\" data-id=\"30219b4\" data-element_type=\"container\" data-e-type=\"container\">\n\t\t\t\t\t<div class=\"e-con-inner\">\n\t\t\t\t<div class=\"elementor-element elementor-element-019ee57 elementor-widget elementor-widget-text-editor\" data-id=\"019ee57\" data-element_type=\"widget\" data-e-type=\"widget\" data-widget_type=\"text-editor.default\">\n\t\t\t\t<div class=\"elementor-widget-container\">\n\t\t\t\t\t\t\t\t\t<p>Cooperativa de flores Antu Mal\u00e9n<br \/>\ud835\ude40\ud835\ude63\ud835\ude67\ud835\ude56\ud835\ude5e\ud835\ude6f\ud835\ude56\ud835\ude59\ud835\ude56\ud835\ude68 \ud835\ude5a\ud835\ude63 \ud835\ude61\ud835\ude56 \ud835\ude57\ud835\ude5a\ud835\ude61\ud835\ude61\ud835\ude5a\ud835\ude6f\ud835\ude56 \ud835\ude59\ud835\ude5a \ud835\ude61\ud835\ude56 \ud835\ude3c\ud835\ude67\ud835\ude56\ud835\ude6a\ud835\ude58\ud835\ude56\ud835\ude63\u00ed\ud835\ude56.<\/p><div tabindex=\"0\" role=\"button\" aria-disabled=\"false\">https:\/\/www.instagram.com\/floresantumalen\/<\/div><div tabindex=\"0\" role=\"button\" aria-disabled=\"false\">https:\/\/www.facebook.com\/flores.antumalen<\/div><div tabindex=\"0\" role=\"button\" aria-disabled=\"false\">\u00a0<\/div>\t\t\t\t\t\t\t\t<\/div>\n\t\t\t\t<\/div>\n\t\t\t\t\t<\/div>\n\t\t\t\t<\/div>\n\t\t\t\t<\/div>\n\t\t","protected":false},"excerpt":{"rendered":"<p>Incubadora Socio productiva En Anasac creemos que el desarrollo del mundo rural no se logra solo con insumos y tecnolog\u00eda, sino tambi\u00e9n con oportunidades reales de formaci\u00f3n, asociatividad y comercializaci\u00f3n. Por eso hemos desarrollado la Incubadora Socio Productiva, un modelo integral de apoyo a peque\u00f1os productores agropecuarios que transforma emprendimientos informales en microempresas competitivas y [&hellip;]<\/p>\n","protected":false},"author":1,"featured_media":0,"parent":0,"menu_order":0,"comment_status":"closed","ping_status":"closed","template":"","meta":{"footnotes":""},"class_list":["post-9111","page","type-page","status-publish","hentry"],"_links":{"self":[{"href":"https:\/\/anasac.com\/es\/wp-json\/wp\/v2\/pages\/9111","targetHints":{"allow":["GET"]}}],"collection":[{"href":"https:\/\/anasac.com\/es\/wp-json\/wp\/v2\/pages"}],"about":[{"href":"https:\/\/anasac.com\/es\/wp-json\/wp\/v2\/types\/page"}],"author":[{"embeddable":true,"href":"https:\/\/anasac.com\/es\/wp-json\/wp\/v2\/users\/1"}],"replies":[{"embeddable":true,"href":"https:\/\/anasac.com\/es\/wp-json\/wp\/v2\/comments?post=9111"}],"version-history":[{"count":13,"href":"https:\/\/anasac.com\/es\/wp-json\/wp\/v2\/pages\/9111\/revisions"}],"predecessor-version":[{"id":11295,"href":"https:\/\/anasac.com\/es\/wp-json\/wp\/v2\/pages\/9111\/revisions\/11295"}],"wp:attachment":[{"href":"https:\/\/anasac.com\/es\/wp-json\/wp\/v2\/media?parent=9111"}],"curies":[{"name":"wp","href":"https:\/\/api.w.org\/{rel}","templated":true}]}}