{"id":8945,"date":"2025-08-19T12:17:56","date_gmt":"2025-08-19T16:17:56","guid":{"rendered":"https:\/\/anasac.com\/?page_id=8945"},"modified":"2025-11-12T22:22:07","modified_gmt":"2025-11-13T01:22:07","slug":"portafolio-sostenible","status":"publish","type":"page","link":"https:\/\/anasac.com\/es\/portafolio-sostenible\/","title":{"rendered":"Portafolio de Productos Sostenibles"},"content":{"rendered":"\t\t<div data-elementor-type=\"wp-page\" data-elementor-id=\"8945\" class=\"elementor elementor-8945\" data-elementor-post-type=\"page\">\n\t\t\t\t\t\t<section class=\"elementor-section elementor-top-section elementor-element elementor-element-777a562 elementor-section-boxed elementor-section-height-default elementor-section-height-default\" data-id=\"777a562\" data-element_type=\"section\" data-e-type=\"section\" data-settings=\"{&quot;background_background&quot;:&quot;gradient&quot;}\">\n\t\t\t\t\t\t\t<div class=\"elementor-background-overlay\"><\/div>\n\t\t\t\t\t\t\t<div class=\"elementor-container elementor-column-gap-default\">\n\t\t\t\t\t<div class=\"elementor-column elementor-col-100 elementor-top-column elementor-element elementor-element-95aa9ae\" data-id=\"95aa9ae\" data-element_type=\"column\" data-e-type=\"column\">\n\t\t\t<div class=\"elementor-widget-wrap elementor-element-populated\">\n\t\t\t\t\t\t<div class=\"elementor-element elementor-element-c6b1184 elementor-widget-divider--view-line_text elementor-widget-divider--element-align-left elementor-widget elementor-widget-divider\" data-id=\"c6b1184\" data-element_type=\"widget\" data-e-type=\"widget\" data-widget_type=\"divider.default\">\n\t\t\t\t<div class=\"elementor-widget-container\">\n\t\t\t\t\t\t\t<div class=\"elementor-divider\">\n\t\t\t<span class=\"elementor-divider-separator\">\n\t\t\t\t\t\t\t<h1 class=\"elementor-divider__text elementor-divider__element\">\n\t\t\t\tPortafolio de productos sostenibles\t\t\t\t<\/h1>\n\t\t\t\t\t\t<\/span>\n\t\t<\/div>\n\t\t\t\t\t\t<\/div>\n\t\t\t\t<\/div>\n\t\t\t\t<div class=\"elementor-element elementor-element-8e8983b elementor-widget elementor-widget-text-editor\" data-id=\"8e8983b\" data-element_type=\"widget\" data-e-type=\"widget\" data-widget_type=\"text-editor.default\">\n\t\t\t\t<div class=\"elementor-widget-container\">\n\t\t\t\t\t\t\t\t\t<p data-start=\"291\" data-end=\"612\">En Anasac estamos transformando nuestro portafolio de productos para contribuir activamente a una agricultura m\u00e1s responsable, resiliente y arm\u00f3nica con el entorno. La sostenibilidad no es solo un valor corporativo: <strong data-start=\"513\" data-end=\"566\">es una condici\u00f3n esencial para el futuro del agro<\/strong>, y queremos ser un actor clave en ese cambio.\u00a0 <span style=\"font-size: 15px; background-color: transparent;\">Nuestro compromiso es claro: ofrecer productos y soluciones que no solo cumplan con altos est\u00e1ndares de calidad y eficiencia, sino que tambi\u00e9n <\/span><strong style=\"font-size: 15px; background-color: transparent;\" data-start=\"757\" data-end=\"831\">sean m\u00e1s seguros para las personas, los ecosistemas y la biodiversidad<\/strong><span style=\"font-size: 15px; background-color: transparent;\">.<\/span><\/p>\t\t\t\t\t\t\t\t<\/div>\n\t\t\t\t<\/div>\n\t\t\t\t\t<\/div>\n\t\t<\/div>\n\t\t\t\t\t<\/div>\n\t\t<\/section>\n\t\t<div class=\"elementor-element elementor-element-7536d39 e-flex e-con-boxed e-con e-parent\" data-id=\"7536d39\" data-element_type=\"container\" data-e-type=\"container\">\n\t\t\t\t\t<div class=\"e-con-inner\">\n\t\t\t\t<div class=\"elementor-element elementor-element-c54e93c elementor-widget elementor-widget-heading\" data-id=\"c54e93c\" data-element_type=\"widget\" data-e-type=\"widget\" data-widget_type=\"heading.default\">\n\t\t\t\t<div class=\"elementor-widget-container\">\n\t\t\t\t\t<h2 class=\"elementor-heading-title elementor-size-default\">Desaf\u00edos para un manejo sostenible<\/h2>\t\t\t\t<\/div>\n\t\t\t\t<\/div>\n\t\t\t\t\t<\/div>\n\t\t\t\t<\/div>\n\t\t<div class=\"elementor-element elementor-element-73a9df5 e-flex e-con-boxed e-con e-parent\" data-id=\"73a9df5\" data-element_type=\"container\" data-e-type=\"container\">\n\t\t\t\t\t<div class=\"e-con-inner\">\n\t\t\t\t<div class=\"elementor-element elementor-element-770ee46 elementor-widget elementor-widget-spacer\" data-id=\"770ee46\" data-element_type=\"widget\" data-e-type=\"widget\" data-widget_type=\"spacer.default\">\n\t\t\t\t<div class=\"elementor-widget-container\">\n\t\t\t\t\t\t\t<div class=\"elementor-spacer\">\n\t\t\t<div class=\"elementor-spacer-inner\"><\/div>\n\t\t<\/div>\n\t\t\t\t\t\t<\/div>\n\t\t\t\t<\/div>\n\t\t\t\t\t<\/div>\n\t\t\t\t<\/div>\n\t\t<div class=\"elementor-element elementor-element-295362a e-flex e-con-boxed e-con e-parent\" data-id=\"295362a\" data-element_type=\"container\" data-e-type=\"container\">\n\t\t\t\t\t<div class=\"e-con-inner\">\n\t\t\t\t<div class=\"elementor-element elementor-element-a21662f elementor-widget elementor-widget-heading\" data-id=\"a21662f\" data-element_type=\"widget\" data-e-type=\"widget\" data-widget_type=\"heading.default\">\n\t\t\t\t<div class=\"elementor-widget-container\">\n\t\t\t\t\t<h2 class=\"elementor-heading-title elementor-size-default\">Nuestras soluciones<\/h2>\t\t\t\t<\/div>\n\t\t\t\t<\/div>\n\t\t\t\t\t<\/div>\n\t\t\t\t<\/div>\n\t\t\t\t<section class=\"elementor-section elementor-top-section elementor-element elementor-element-60ff163 elementor-section-boxed elementor-section-height-default elementor-section-height-default\" data-id=\"60ff163\" data-element_type=\"section\" data-e-type=\"section\">\n\t\t\t\t\t\t<div class=\"elementor-container elementor-column-gap-default\">\n\t\t\t\t\t<div class=\"elementor-column elementor-col-100 elementor-top-column elementor-element elementor-element-22dd1e7\" data-id=\"22dd1e7\" data-element_type=\"column\" data-e-type=\"column\">\n\t\t\t<div class=\"elementor-widget-wrap elementor-element-populated\">\n\t\t\t\t\t\t<div class=\"elementor-element elementor-element-8e04b19 elementor-widget elementor-widget-text-editor\" data-id=\"8e04b19\" data-element_type=\"widget\" data-e-type=\"widget\" data-widget_type=\"text-editor.default\">\n\t\t\t\t<div class=\"elementor-widget-container\">\n\t\t\t\t\t\t\t\t\t<h4><strong>Biorracionales:&nbsp;<\/strong><\/h4>\t\t\t\t\t\t\t\t<\/div>\n\t\t\t\t<\/div>\n\t\t\t\t\t<\/div>\n\t\t<\/div>\n\t\t\t\t\t<\/div>\n\t\t<\/section>\n\t\t\t\t<section class=\"elementor-section elementor-top-section elementor-element elementor-element-c0900f0 elementor-section-boxed elementor-section-height-default elementor-section-height-default\" data-id=\"c0900f0\" data-element_type=\"section\" data-e-type=\"section\">\n\t\t\t\t\t\t<div class=\"elementor-container elementor-column-gap-default\">\n\t\t\t\t\t<div class=\"elementor-column elementor-col-50 elementor-top-column elementor-element elementor-element-3e0e701\" data-id=\"3e0e701\" data-element_type=\"column\" data-e-type=\"column\">\n\t\t\t<div class=\"elementor-widget-wrap elementor-element-populated\">\n\t\t\t\t\t\t<div class=\"elementor-element elementor-element-baa0169 elementor-widget elementor-widget-image\" data-id=\"baa0169\" data-element_type=\"widget\" data-e-type=\"widget\" data-widget_type=\"image.default\">\n\t\t\t\t<div class=\"elementor-widget-container\">\n\t\t\t\t\t\t\t\t\t\t\t\t\t\t\t<img loading=\"lazy\" decoding=\"async\" width=\"571\" height=\"492\" src=\"https:\/\/anasac.com\/wp-content\/uploads\/2024\/07\/varios-frontal-19-1.png\" class=\"attachment-large size-large wp-image-8363\" alt=\"\" title=\"\">\t\t\t\t\t\t\t\t\t\t\t\t\t\t\t<\/div>\n\t\t\t\t<\/div>\n\t\t\t\t\t<\/div>\n\t\t<\/div>\n\t\t\t\t<div class=\"elementor-column elementor-col-50 elementor-top-column elementor-element elementor-element-588ae75\" data-id=\"588ae75\" data-element_type=\"column\" data-e-type=\"column\">\n\t\t\t<div class=\"elementor-widget-wrap elementor-element-populated\">\n\t\t\t\t\t\t<div class=\"elementor-element elementor-element-833fbbb elementor-widget elementor-widget-text-editor\" data-id=\"833fbbb\" data-element_type=\"widget\" data-e-type=\"widget\" data-widget_type=\"text-editor.default\">\n\t\t\t\t<div class=\"elementor-widget-container\">\n\t\t\t\t\t\t\t\t\t<p>Soluciones sostenibles basadas en sustancias, agentes biol\u00f3gicos o mezclas de \u00e9stos, de origen natural incluyendo fuentes biol\u00f3gicas y minerales o derivados de procesos presentes en la naturaleza, aplicadas para favorecer la productividad, calidad y salud de cultivos, suelos, sustratos, animales y\/o ambientes, as\u00ed como para el manejo responsable de la prevenci\u00f3n y control de plagas, malezas y enfermedades.<\/p><p>Incluyen microorganismos, macroorganismos, extractos biol\u00f3gicos, biomol\u00e9culas naturales y sus equivalentes, que act\u00faan con eficacia espec\u00edfica y con un impacto reducido sobre la salud humana, el medioambiente y la biodiversidad, contribuyendo a un desarrollo sostenible.<\/p>\t\t\t\t\t\t\t\t<\/div>\n\t\t\t\t<\/div>\n\t\t\t\t\t<\/div>\n\t\t<\/div>\n\t\t\t\t\t<\/div>\n\t\t<\/section>\n\t\t<div class=\"elementor-element elementor-element-3da3abe e-flex e-con-boxed e-con e-parent\" data-id=\"3da3abe\" data-element_type=\"container\" data-e-type=\"container\">\n\t\t\t\t\t<div class=\"e-con-inner\">\n\t\t\t\t<div class=\"elementor-element elementor-element-82cbfcb elementor-widget elementor-widget-image\" data-id=\"82cbfcb\" data-element_type=\"widget\" data-e-type=\"widget\" data-widget_type=\"image.default\">\n\t\t\t\t<div class=\"elementor-widget-container\">\n\t\t\t\t\t\t\t\t\t\t\t\t\t\t\t<img loading=\"lazy\" decoding=\"async\" width=\"800\" height=\"800\" src=\"https:\/\/anasac.com\/wp-content\/uploads\/2025\/10\/Aviso-Biorracionales.png\" class=\"attachment-large size-large wp-image-11528\" alt=\"\" srcset=\"https:\/\/anasac.com\/wp-content\/uploads\/2025\/10\/Aviso-Biorracionales.png 1920w, https:\/\/anasac.com\/wp-content\/uploads\/2025\/10\/Aviso-Biorracionales-1500x1500.png 1500w, https:\/\/anasac.com\/wp-content\/uploads\/2025\/10\/Aviso-Biorracionales-150x150.png 150w, https:\/\/anasac.com\/wp-content\/uploads\/2025\/10\/Aviso-Biorracionales-768x768.png 768w, https:\/\/anasac.com\/wp-content\/uploads\/2025\/10\/Aviso-Biorracionales-1536x1536.png 1536w, https:\/\/anasac.com\/wp-content\/uploads\/2025\/10\/Aviso-Biorracionales-12x12.png 12w\" sizes=\"auto, (max-width: 800px) 100vw, 800px\" title=\"\">\t\t\t\t\t\t\t\t\t\t\t\t\t\t\t<\/div>\n\t\t\t\t<\/div>\n\t\t\t\t\t<\/div>\n\t\t\t\t<\/div>\n\t\t<div class=\"elementor-element elementor-element-476aad4 e-flex e-con-boxed e-con e-parent\" data-id=\"476aad4\" data-element_type=\"container\" data-e-type=\"container\">\n\t\t\t\t\t<div class=\"e-con-inner\">\n\t\t\t\t\t<\/div>\n\t\t\t\t<\/div>\n\t\t\t\t<section class=\"elementor-section elementor-top-section elementor-element elementor-element-39e41f2 elementor-section-boxed elementor-section-height-default elementor-section-height-default\" data-id=\"39e41f2\" data-element_type=\"section\" data-e-type=\"section\" data-settings=\"{&quot;background_background&quot;:&quot;slideshow&quot;,&quot;background_slideshow_gallery&quot;:[],&quot;background_slideshow_loop&quot;:&quot;yes&quot;,&quot;background_slideshow_slide_duration&quot;:5000,&quot;background_slideshow_slide_transition&quot;:&quot;fade&quot;,&quot;background_slideshow_transition_duration&quot;:500}\">\n\t\t\t\t\t\t<div class=\"elementor-container elementor-column-gap-default\">\n\t\t\t\t\t<div class=\"elementor-column elementor-col-100 elementor-top-column elementor-element elementor-element-2f10025\" data-id=\"2f10025\" data-element_type=\"column\" data-e-type=\"column\">\n\t\t\t<div class=\"elementor-widget-wrap elementor-element-populated\">\n\t\t\t\t\t\t<div class=\"elementor-element elementor-element-0242b3f elementor-widget elementor-widget-text-editor\" data-id=\"0242b3f\" data-element_type=\"widget\" data-e-type=\"widget\" data-widget_type=\"text-editor.default\">\n\t\t\t\t<div class=\"elementor-widget-container\">\n\t\t\t\t\t\t\t\t\t<h4><strong>Controladores Biol\u00f3gicos de plagas:\u00a0<\/strong><\/h4>\t\t\t\t\t\t\t\t<\/div>\n\t\t\t\t<\/div>\n\t\t\t\t\t<\/div>\n\t\t<\/div>\n\t\t\t\t\t<\/div>\n\t\t<\/section>\n\t\t\t\t<section class=\"elementor-section elementor-top-section elementor-element elementor-element-3ec356a elementor-section-boxed elementor-section-height-default elementor-section-height-default\" data-id=\"3ec356a\" data-element_type=\"section\" data-e-type=\"section\">\n\t\t\t\t\t\t<div class=\"elementor-container elementor-column-gap-default\">\n\t\t\t\t\t<div class=\"elementor-column elementor-col-100 elementor-top-column elementor-element elementor-element-59a7d64\" data-id=\"59a7d64\" data-element_type=\"column\" data-e-type=\"column\">\n\t\t\t<div class=\"elementor-widget-wrap elementor-element-populated\">\n\t\t\t\t\t\t<div class=\"elementor-element elementor-element-1df8de1 elementor-cta--skin-cover elementor-animated-content elementor-bg-transform elementor-bg-transform-zoom-in elementor-widget elementor-widget-call-to-action\" data-id=\"1df8de1\" data-element_type=\"widget\" data-e-type=\"widget\" data-widget_type=\"call-to-action.default\">\n\t\t\t\t<div class=\"elementor-widget-container\">\n\t\t\t\t\t\t\t<a class=\"elementor-cta\" href=\"http:\/\/wwww.xilema.cl\" rel=\"nofollow noopener\" target=\"_blank\">\n\t\t\t\t\t<div class=\"elementor-cta__bg-wrapper\">\n\t\t\t\t<div class=\"elementor-cta__bg elementor-bg\" style=\"background-image: url(https:\/\/anasac.com\/wp-content\/uploads\/2025\/06\/fondo-xilema-2560x1440.png);\" role=\"img\" aria-label=\"fondo xilema\"><\/div>\n\t\t\t\t<div class=\"elementor-cta__bg-overlay\"><\/div>\n\t\t\t<\/div>\n\t\t\t\t\t\t\t<div class=\"elementor-cta__content\">\n\t\t\t\t\t\t\t\t\t<div class=\"elementor-content-item elementor-cta__content-item elementor-cta__image elementor-animated-item--grow\">\n\t\t\t\t\t\t<img decoding=\"async\" src=\"https:\/\/anasac.com\/wp-content\/uploads\/elementor\/thumbs\/xilema-37-ra2j1ivvx7vf8n18adjckacsddw2s3zakykeklnjfy.png\" title=\"xilema\" alt=\"xilema\" loading=\"lazy\" \/>\t\t\t\t\t<\/div>\n\t\t\t\t\n\t\t\t\t\t\t\t\t\t<h2 class=\"elementor-cta__title elementor-cta__content-item elementor-content-item elementor-animated-item--grow\">\n\t\t\t\t\t\tControl biol\u00f3gico\t\t\t\t\t<\/h2>\n\t\t\t\t\n\t\t\t\t\t\t\t\t\t<h6 class=\"elementor-cta__description elementor-cta__content-item elementor-content-item elementor-animated-item--grow\">\n\t\t\t\t\t\tOfrecemos a los agricultores soluciones a sus problemas fitosanitarios que sean eficaces, integradas y sostenibles, de acuerdo con Global GAP, Rainforest, Producci\u00f3n Org\u00e1nica y otros protocolos de exportaci\u00f3n.\t\t\t\t\t<\/h6>\n\t\t\t\t\n\t\t\t\t\t\t\t<\/div>\n\t\t\t\t\t\t<\/a>\n\t\t\t\t\t\t<\/div>\n\t\t\t\t<\/div>\n\t\t\t\t<div class=\"elementor-element elementor-element-13c15ce elementor-widget elementor-widget-text-editor\" data-id=\"13c15ce\" data-element_type=\"widget\" data-e-type=\"widget\" data-widget_type=\"text-editor.default\">\n\t\t\t\t<div class=\"elementor-widget-container\">\n\t\t\t\t\t\t\t\t\t<h3>Desarrollamos programas de MIP que incluyen:<\/h3><ul><li>Servicio de monitoreo de plagas y enemigos naturales (PMS)}<\/li><li>Producci\u00f3n de agentes de control biol\u00f3gico<\/li><li>Programas integrados de control biol\u00f3gico<\/li><li>Programas de eficacia y selectividad de productos fitosanitarios<\/li><li>Cursos de formaci\u00f3n y asesoramiento t\u00e9cnico.<\/li><\/ul>\t\t\t\t\t\t\t\t<\/div>\n\t\t\t\t<\/div>\n\t\t\t\t\t<\/div>\n\t\t<\/div>\n\t\t\t\t\t<\/div>\n\t\t<\/section>\n\t\t\t\t<\/div>\n\t\t","protected":false},"excerpt":{"rendered":"<p>Portafolio de productos sostenibles En Anasac estamos transformando nuestro portafolio de productos para contribuir activamente a una agricultura m\u00e1s responsable, resiliente y arm\u00f3nica con el entorno. La sostenibilidad no es solo un valor corporativo: es una condici\u00f3n esencial para el futuro del agro, y queremos ser un actor clave en ese cambio.\u00a0 Nuestro compromiso es [&hellip;]<\/p>\n","protected":false},"author":1,"featured_media":0,"parent":0,"menu_order":0,"comment_status":"closed","ping_status":"closed","template":"","meta":{"footnotes":""},"class_list":["post-8945","page","type-page","status-publish","hentry"],"_links":{"self":[{"href":"https:\/\/anasac.com\/es\/wp-json\/wp\/v2\/pages\/8945","targetHints":{"allow":["GET"]}}],"collection":[{"href":"https:\/\/anasac.com\/es\/wp-json\/wp\/v2\/pages"}],"about":[{"href":"https:\/\/anasac.com\/es\/wp-json\/wp\/v2\/types\/page"}],"author":[{"embeddable":true,"href":"https:\/\/anasac.com\/es\/wp-json\/wp\/v2\/users\/1"}],"replies":[{"embeddable":true,"href":"https:\/\/anasac.com\/es\/wp-json\/wp\/v2\/comments?post=8945"}],"version-history":[{"count":37,"href":"https:\/\/anasac.com\/es\/wp-json\/wp\/v2\/pages\/8945\/revisions"}],"predecessor-version":[{"id":11604,"href":"https:\/\/anasac.com\/es\/wp-json\/wp\/v2\/pages\/8945\/revisions\/11604"}],"wp:attachment":[{"href":"https:\/\/anasac.com\/es\/wp-json\/wp\/v2\/media?parent=8945"}],"curies":[{"name":"wp","href":"https:\/\/api.w.org\/{rel}","templated":true}]}}