{"id":8648,"date":"2025-01-28T12:39:16","date_gmt":"2025-01-28T12:39:16","guid":{"rendered":"https:\/\/anasac.com\/?page_id=8648"},"modified":"2025-08-09T12:24:47","modified_gmt":"2025-08-09T16:24:47","slug":"virtual-assistant","status":"publish","type":"page","link":"https:\/\/anasac.com\/en\/asistente-virtual\/","title":{"rendered":"Virtual Assistant Terms and Conditions (ANA)"},"content":{"rendered":"<div data-elementor-type=\"wp-page\" data-elementor-id=\"8648\" class=\"elementor elementor-8648\" data-elementor-post-type=\"page\">\n\t\t\t\t\t\t<section class=\"elementor-section elementor-top-section elementor-element elementor-element-4dfc7f4 elementor-section-height-min-height elementor-section-boxed elementor-section-height-default elementor-section-items-middle\" data-id=\"4dfc7f4\" data-element_type=\"section\" data-e-type=\"section\" data-settings=\"{&quot;background_background&quot;:&quot;classic&quot;}\">\n\t\t\t\t\t\t\t<div class=\"elementor-background-overlay\"><\/div>\n\t\t\t\t\t\t\t<div class=\"elementor-container elementor-column-gap-default\">\n\t\t\t\t\t<div class=\"elementor-column elementor-col-100 elementor-top-column elementor-element elementor-element-b579ced\" data-id=\"b579ced\" data-element_type=\"column\" data-e-type=\"column\">\n\t\t\t<div class=\"elementor-widget-wrap elementor-element-populated\">\n\t\t\t\t\t\t<div class=\"elementor-element elementor-element-96be40d elementor-widget__width-auto elementor-widget elementor-widget-heading\" data-id=\"96be40d\" data-element_type=\"widget\" data-e-type=\"widget\" data-widget_type=\"heading.default\">\n\t\t\t\t<div class=\"elementor-widget-container\">\n\t\t\t\t\t<h2 class=\"elementor-heading-title elementor-size-default\">Virtual Assistant (ANA)<\/h2>\t\t\t\t<\/div>\n\t\t\t\t<\/div>\n\t\t\t\t\t<\/div>\n\t\t<\/div>\n\t\t\t\t\t<\/div>\n\t\t<\/section>\n\t\t\t\t<section class=\"elementor-section elementor-top-section elementor-element elementor-element-4a56ba9 elementor-section-boxed elementor-section-height-default elementor-section-height-default\" data-id=\"4a56ba9\" data-element_type=\"section\" data-e-type=\"section\">\n\t\t\t\t\t\t<div class=\"elementor-container elementor-column-gap-default\">\n\t\t\t\t\t<div class=\"elementor-column elementor-col-100 elementor-top-column elementor-element elementor-element-d48723a\" data-id=\"d48723a\" data-element_type=\"column\" data-e-type=\"column\">\n\t\t\t<div class=\"elementor-widget-wrap elementor-element-populated\">\n\t\t\t\t\t\t<div class=\"elementor-element elementor-element-fbb174c elementor-widget elementor-widget-spacer\" data-id=\"fbb174c\" data-element_type=\"widget\" data-e-type=\"widget\" data-widget_type=\"spacer.default\">\n\t\t\t\t<div class=\"elementor-widget-container\">\n\t\t\t\t\t\t\t<div class=\"elementor-spacer\">\n\t\t\t<div class=\"elementor-spacer-inner\"><\/div>\n\t\t<\/div>\n\t\t\t\t\t\t<\/div>\n\t\t\t\t<\/div>\n\t\t\t\t\t<\/div>\n\t\t<\/div>\n\t\t\t\t\t<\/div>\n\t\t<\/section>\n\t\t\t\t<section class=\"elementor-section elementor-top-section elementor-element elementor-element-3173491 elementor-section-boxed elementor-section-height-default elementor-section-height-default\" data-id=\"3173491\" data-element_type=\"section\" data-e-type=\"section\">\n\t\t\t\t\t\t<div class=\"elementor-container elementor-column-gap-default\">\n\t\t\t\t\t<div class=\"elementor-column elementor-col-100 elementor-top-column elementor-element elementor-element-2dfc891\" data-id=\"2dfc891\" data-element_type=\"column\" data-e-type=\"column\">\n\t\t\t<div class=\"elementor-widget-wrap elementor-element-populated\">\n\t\t\t\t\t\t<div class=\"elementor-element elementor-element-b5e1233 elementor-widget elementor-widget-text-editor\" data-id=\"b5e1233\" data-element_type=\"widget\" data-e-type=\"widget\" data-widget_type=\"text-editor.default\">\n\t\t\t\t<div class=\"elementor-widget-container\">\n\t\t\t\t\t\t\t\t\t<p>By using this service, you agree to our Terms of Use and Privacy Policy. This chatbot is intended to provide general information and support regarding Anasac products and services. The information provided does not replace label directions or professional advice.<\/p>\t\t\t\t\t\t\t\t<\/div>\n\t\t\t\t<\/div>\n\t\t\t\t\t<\/div>\n\t\t<\/div>\n\t\t\t\t\t<\/div>\n\t\t<\/section>\n\t\t\t\t<section class=\"elementor-section elementor-top-section elementor-element elementor-element-e02db10 elementor-section-boxed elementor-section-height-default elementor-section-height-default\" data-id=\"e02db10\" data-element_type=\"section\" data-e-type=\"section\">\n\t\t\t\t\t\t<div class=\"elementor-container elementor-column-gap-default\">\n\t\t\t\t\t<div class=\"elementor-column elementor-col-100 elementor-top-column elementor-element elementor-element-9d90ffb\" data-id=\"9d90ffb\" data-element_type=\"column\" data-e-type=\"column\">\n\t\t\t<div class=\"elementor-widget-wrap elementor-element-populated\">\n\t\t\t\t\t\t<div class=\"elementor-element elementor-element-ac11c15 elementor-widget elementor-widget-text-editor\" data-id=\"ac11c15\" data-element_type=\"widget\" data-e-type=\"widget\" data-widget_type=\"text-editor.default\">\n\t\t\t\t<div class=\"elementor-widget-container\">\n\t\t\t\t\t\t\t\t\t<p><strong>See our full Terms and Conditions here:<\/strong><\/p>\t\t\t\t\t\t\t\t<\/div>\n\t\t\t\t<\/div>\n\t\t\t\t<div class=\"elementor-element elementor-element-0790c1f elementor-widget elementor-widget-accordion\" data-id=\"0790c1f\" data-element_type=\"widget\" data-e-type=\"widget\" data-widget_type=\"accordion.default\">\n\t\t\t\t<div class=\"elementor-widget-container\">\n\t\t\t\t\t\t\t<div class=\"elementor-accordion\">\n\t\t\t\t\t\t\t<div class=\"elementor-accordion-item\">\n\t\t\t\t\t<div id=\"elementor-tab-title-7931\" class=\"elementor-tab-title\" data-tab=\"1\" role=\"button\" aria-controls=\"elementor-tab-content-7931\" aria-expanded=\"false\">\n\t\t\t\t\t\t\t\t\t\t\t\t\t<span class=\"elementor-accordion-icon elementor-accordion-icon-left\" aria-hidden=\"true\">\n\t\t\t\t\t\t\t\t\t\t\t\t\t\t\t<span class=\"elementor-accordion-icon-closed\"><svg class=\"e-font-icon-svg e-fas-plus\" viewbox=\"0 0 448 512\" xmlns=\"http:\/\/www.w3.org\/2000\/svg\"><path d=\"M416 208H272V64c0-17.67-14.33-32-32-32h-32c-17.67 0-32 14.33-32 32v144H32c-17.67 0-32 14.33-32 32v32c0 17.67 14.33 32 32 32h144v144c0 17.67 14.33 32 32 32h32c17.67 0 32-14.33 32-32V304h144c17.67 0 32-14.33 32-32v-32c0-17.67-14.33-32-32-32z\"><\/path><\/svg><\/span>\n\t\t\t\t\t\t\t\t<span class=\"elementor-accordion-icon-opened\"><svg class=\"e-font-icon-svg e-fas-minus\" viewbox=\"0 0 448 512\" xmlns=\"http:\/\/www.w3.org\/2000\/svg\"><path d=\"M416 208H32c-17.67 0-32 14.33-32 32v32c0 17.67 14.33 32 32 32h384c17.67 0 32-14.33 32-32v-32c0-17.67-14.33-32-32-32z\"><\/path><\/svg><\/span>\n\t\t\t\t\t\t\t\t\t\t\t\t\t\t<\/span>\n\t\t\t\t\t\t\t\t\t\t\t\t<a class=\"elementor-accordion-title\" tabindex=\"0\">Terms of Use<\/a>\n\t\t\t\t\t<\/div>\n\t\t\t\t\t<div id=\"elementor-tab-content-7931\" class=\"elementor-tab-content elementor-clearfix\" data-tab=\"1\" role=\"region\" aria-labelledby=\"elementor-tab-title-7931\"><p><em>Last updated: January 2025<\/em><\/p><h4>1. Acceptance of the Terms and Conditions<\/h4><p>By using the chatbot provided by Anasac Chile S.A. and Anasac Ambiental S.A. (hereinafter, \"Anasac,\" \"we,\" or \"the company\"), the user (hereinafter, \"you\" or \"the user\") accepts these Terms and Conditions. If you do not agree with these terms, please do not use the chatbot.<\/p><h4>2. Purpose of the Chatbot<\/h4><p>The Anasac chatbot is intended to provide general support and information on products related to agricultural supplies, gardening, pets, and other products from the aforementioned companies. The information provided by the chatbot is of a general nature and should not be construed as specialized professional advice.<\/p><h4>3. Use of the Information Provided<\/h4><p>The user understands and accepts that the recommendations, suggestions, or responses provided by the chatbot are for informational purposes only and may contain errors or inaccuracies. Under no circumstances will Anasac be liable for any damages, losses, or adverse consequences that may arise from the use of such information, whether direct or indirect.<\/p><h4>4. Validation with Professionals<\/h4><p>The user agrees to verify all information provided by the chatbot with professionals in the relevant field (agronomy, veterinary medicine, gardening, etc.) or other reliable sources before making decisions related to the use of products or practices recommended by the chatbot. The user assumes full responsibility for decisions made based on information provided by the chatbot.<\/p><h4>5. Use of Products as per Label Instructions<\/h4><p>The user agrees to strictly follow the instructions contained on the labels of Anasac products or its distributors, as well as comply with applicable local regulations. The information provided by the chatbot does not replace the instructions on the labels or the recommendations of professionals in the field.<\/p><h4>6. Disclaimer of Liability<\/h4><p>Anasac Chile S.A. and Anasac Ambiental S.A. are not responsible for any damages, losses, or consequences of any kind arising from the use of the information provided by the chatbot, including, but not limited to, damage to crops, animals, people, or property.<\/p><h4>7. Modification of the Terms and Conditions<\/h4><p>Anasac reserves the right to modify these Terms and Conditions at any time. Any changes will be notified to the user through the chatbot or other appropriate means. Continued use of the chatbot after such changes constitutes acceptance of the new terms.<\/p><h4>8. Privacy Policy<\/h4><p>Use of the chatbot is subject to our Privacy Policy, which describes how we collect, use, store, and protect your personal information. By using the chatbot, you agree to the terms of this policy.<\/p><h4>9. Applicable Law and Jurisdiction<\/h4><p>These Terms and Conditions shall be governed by the laws of the Republic of Chile. Any dispute related to the use of the chatbot shall be resolved before the competent courts of the city of Santiago, Chile.<\/p><\/div>\n\t\t\t\t<\/div>\n\t\t\t\t\t\t\t\t<\/div>\n\t\t\t\t\t\t<\/div>\n\t\t\t\t<\/div>\n\t\t\t\t<div class=\"elementor-element elementor-element-0d7c377 elementor-widget elementor-widget-text-editor\" data-id=\"0d7c377\" data-element_type=\"widget\" data-e-type=\"widget\" data-widget_type=\"text-editor.default\">\n\t\t\t\t<div class=\"elementor-widget-container\">\n\t\t\t\t\t\t\t\t\t<p><strong>Review our Privacy Policy here:\u00a0<\/strong><\/p>\t\t\t\t\t\t\t\t<\/div>\n\t\t\t\t<\/div>\n\t\t\t\t<div class=\"elementor-element elementor-element-a2803ed elementor-widget elementor-widget-accordion\" data-id=\"a2803ed\" data-element_type=\"widget\" data-e-type=\"widget\" data-widget_type=\"accordion.default\">\n\t\t\t\t<div class=\"elementor-widget-container\">\n\t\t\t\t\t\t\t<div class=\"elementor-accordion\">\n\t\t\t\t\t\t\t<div class=\"elementor-accordion-item\">\n\t\t\t\t\t<div id=\"elementor-tab-title-1701\" class=\"elementor-tab-title\" data-tab=\"1\" role=\"button\" aria-controls=\"elementor-tab-content-1701\" aria-expanded=\"false\">\n\t\t\t\t\t\t\t\t\t\t\t\t\t<span class=\"elementor-accordion-icon elementor-accordion-icon-left\" aria-hidden=\"true\">\n\t\t\t\t\t\t\t\t\t\t\t\t\t\t\t<span class=\"elementor-accordion-icon-closed\"><svg class=\"e-font-icon-svg e-fas-plus\" viewbox=\"0 0 448 512\" xmlns=\"http:\/\/www.w3.org\/2000\/svg\"><path d=\"M416 208H272V64c0-17.67-14.33-32-32-32h-32c-17.67 0-32 14.33-32 32v144H32c-17.67 0-32 14.33-32 32v32c0 17.67 14.33 32 32 32h144v144c0 17.67 14.33 32 32 32h32c17.67 0 32-14.33 32-32V304h144c17.67 0 32-14.33 32-32v-32c0-17.67-14.33-32-32-32z\"><\/path><\/svg><\/span>\n\t\t\t\t\t\t\t\t<span class=\"elementor-accordion-icon-opened\"><svg class=\"e-font-icon-svg e-fas-minus\" viewbox=\"0 0 448 512\" xmlns=\"http:\/\/www.w3.org\/2000\/svg\"><path d=\"M416 208H32c-17.67 0-32 14.33-32 32v32c0 17.67 14.33 32 32 32h384c17.67 0 32-14.33 32-32v-32c0-17.67-14.33-32-32-32z\"><\/path><\/svg><\/span>\n\t\t\t\t\t\t\t\t\t\t\t\t\t\t<\/span>\n\t\t\t\t\t\t\t\t\t\t\t\t<a class=\"elementor-accordion-title\" tabindex=\"0\">Privacy Policy<\/a>\n\t\t\t\t\t<\/div>\n\t\t\t\t\t<div id=\"elementor-tab-content-1701\" class=\"elementor-tab-content elementor-clearfix\" data-tab=\"1\" role=\"region\" aria-labelledby=\"elementor-tab-title-1701\"><p><em>Last updated: January 2025<\/em><\/p><h4>1. Introduction<\/h4><p>At Anasac Chile S.A. and Anasac Ambiental S.A. (hereinafter, \"Anasac,\" \"we,\" or \"the company\"), we are committed to protecting the privacy and security of the personal data of users who interact with our chatbot. This Privacy Policy describes how we collect, use, store, and protect your information.<\/p><h4>2. Information Collected<\/h4><p>When you use our chatbot, we may collect the following information:<\/p><ul><li>Interaction data: Information about your queries, questions, and the answers provided by the chatbot.<\/li><li>Personal Information: In some cases, we may request personal information, such as your name, email address, or phone number, only if you choose to provide it for customer service or follow-up purposes.<\/li><li>Usage Data: Information about the device from which you access the chatbot, such as IP address, device type, geographic location (if enabled), and other technical information related to your access.<\/li><\/ul><h4>3. Use of Information<\/h4><p>The information collected is used to:<\/p><ul><li>Provide personalized answers and recommendations through the chatbot.<\/li><li>Improve the quality of service and the accuracy of chatbot responses.<\/li><li>Send service-related communications, if you have provided your contact information.<\/li><li>Comply with applicable legal and regulatory obligations.<\/li><\/ul><h4>4. Information Protection<\/h4><p>We implement appropriate physical, electronic, and administrative security measures to protect your personal information. However, we cannot guarantee the complete security of Internet transmissions.<\/p><h4>5. Sharing of Information<\/h4><p>We do not share your personal information with third parties except when necessary to comply with applicable laws or when required by legal process. We also do not sell or rent your personal information to third parties.<\/p><h4>6. Data Retention<\/h4><p>We retain personal data only for as long as necessary to fulfill the purposes for which it was collected, or as required by applicable law.<\/p><h4>7. Your Rights<\/h4><p>You have the right to access, correct, or delete your personal information at any time. If you wish to exercise any of these rights, please contact us through the available contact channels.<\/p><h4>8. Cookies and Similar Technologies<\/h4><p>The chatbot may use cookies or other tracking technologies to enhance the user experience and to gather information about service usage. You can set your browser to reject cookies, but some chatbot features may not be available if you do so.<\/p><h4>9. Changes to the Privacy Policy<\/h4><p>We reserve the right to modify this Privacy Policy at any time. Any changes will be posted on this page and will take effect immediately. We recommend that you review this policy periodically.<\/p><h4>10. Contact<\/h4><p>If you have questions or concerns about our Privacy Policy or the handling of your personal information, please contact us at <a href=\"http:\/\/www.anasac.cl\" rel=\"nofollow noopener\" target=\"_blank\">www.anasac.cl<\/a><\/p><\/div>\n\t\t\t\t<\/div>\n\t\t\t\t\t\t\t\t<\/div>\n\t\t\t\t\t\t<\/div>\n\t\t\t\t<\/div>\n\t\t\t\t\t<\/div>\n\t\t<\/div>\n\t\t\t\t\t<\/div>\n\t\t<\/section>\n\t\t\t\t<section class=\"elementor-section elementor-top-section elementor-element elementor-element-378e212 elementor-section-boxed elementor-section-height-default elementor-section-height-default\" data-id=\"378e212\" data-element_type=\"section\" data-e-type=\"section\">\n\t\t\t\t\t\t<div class=\"elementor-container elementor-column-gap-default\">\n\t\t\t\t\t<div class=\"elementor-column elementor-col-100 elementor-top-column elementor-element elementor-element-8b72f5e\" data-id=\"8b72f5e\" data-element_type=\"column\" data-e-type=\"column\">\n\t\t\t<div class=\"elementor-widget-wrap elementor-element-populated\">\n\t\t\t\t\t\t<div class=\"elementor-element elementor-element-c0d7ecc elementor-widget elementor-widget-spacer\" data-id=\"c0d7ecc\" data-element_type=\"widget\" data-e-type=\"widget\" data-widget_type=\"spacer.default\">\n\t\t\t\t<div class=\"elementor-widget-container\">\n\t\t\t\t\t\t\t<div class=\"elementor-spacer\">\n\t\t\t<div class=\"elementor-spacer-inner\"><\/div>\n\t\t<\/div>\n\t\t\t\t\t\t<\/div>\n\t\t\t\t<\/div>\n\t\t\t\t\t<\/div>\n\t\t<\/div>\n\t\t\t\t\t<\/div>\n\t\t<\/section>\n\t\t\t\t<\/div>","protected":false},"excerpt":{"rendered":"<p>Asistente Virtual (ANA) Al utilizar este servicio, aceptas nuestros T\u00e9rminos y Condiciones de Uso y nuestra Pol\u00edtica de Privacidad. Este chatbot tiene como prop\u00f3sito ofrecer informaci\u00f3n general y soporte sobre productos y servicios de Anasac. La informaci\u00f3n proporcionada no reemplaza las indicaciones de las etiquetas ni el asesoramiento de profesionales. Consulta nuestros T\u00e9rminos y Condiciones [&hellip;]<\/p>\n","protected":false},"author":1,"featured_media":0,"parent":0,"menu_order":0,"comment_status":"closed","ping_status":"closed","template":"","meta":{"footnotes":""},"class_list":["post-8648","page","type-page","status-publish","hentry"],"_links":{"self":[{"href":"https:\/\/anasac.com\/en\/wp-json\/wp\/v2\/pages\/8648","targetHints":{"allow":["GET"]}}],"collection":[{"href":"https:\/\/anasac.com\/en\/wp-json\/wp\/v2\/pages"}],"about":[{"href":"https:\/\/anasac.com\/en\/wp-json\/wp\/v2\/types\/page"}],"author":[{"embeddable":true,"href":"https:\/\/anasac.com\/en\/wp-json\/wp\/v2\/users\/1"}],"replies":[{"embeddable":true,"href":"https:\/\/anasac.com\/en\/wp-json\/wp\/v2\/comments?post=8648"}],"version-history":[{"count":1,"href":"https:\/\/anasac.com\/en\/wp-json\/wp\/v2\/pages\/8648\/revisions"}],"predecessor-version":[{"id":11018,"href":"https:\/\/anasac.com\/en\/wp-json\/wp\/v2\/pages\/8648\/revisions\/11018"}],"wp:attachment":[{"href":"https:\/\/anasac.com\/en\/wp-json\/wp\/v2\/media?parent=8648"}],"curies":[{"name":"wp","href":"https:\/\/api.w.org\/{rel}","templated":true}]}}